{"id":4452,"date":"2018-06-18T10:50:26","date_gmt":"2018-06-18T09:50:26","guid":{"rendered":"http:\/\/quartier-pouvourville.fr\/web\/?page_id=4452"},"modified":"2024-06-14T08:59:12","modified_gmt":"2024-06-14T07:59:12","slug":"newsletter","status":"publish","type":"page","link":"https:\/\/quartier-pouvourville.fr\/web\/newsletter\/","title":{"rendered":"Newsletter"},"content":{"rendered":"<p>Si vous souhaitez recevoir notre newsletter, indiquez votre adresse mail :<\/p>\n  \n  \n  <div class=\"\n    mailpoet_form_popup_overlay\n      \"><\/div>\n  <div\n    id=\"mailpoet_form_1\"\n    class=\"\n      mailpoet_form\n      mailpoet_form_shortcode\n      mailpoet_form_position_\n      mailpoet_form_animation_\n    \"\n      >\n\n    <style type=\"text\/css\">\n     #mailpoet_form_1 .mailpoet_form {  }\n#mailpoet_form_1 .mailpoet_paragraph { line-height: 20px; }\n#mailpoet_form_1 .mailpoet_segment_label, #mailpoet_form_1 .mailpoet_text_label, #mailpoet_form_1 .mailpoet_textarea_label, #mailpoet_form_1 .mailpoet_select_label, #mailpoet_form_1 .mailpoet_radio_label, #mailpoet_form_1 .mailpoet_checkbox_label, #mailpoet_form_1 .mailpoet_list_label, #mailpoet_form_1 .mailpoet_date_label { display: block; font-weight: bold; }\n#mailpoet_form_1 .mailpoet_text, #mailpoet_form_1 .mailpoet_textarea, #mailpoet_form_1 .mailpoet_select, #mailpoet_form_1 .mailpoet_date_month, #mailpoet_form_1 .mailpoet_date_day, #mailpoet_form_1 .mailpoet_date_year, #mailpoet_form_1 .mailpoet_date { display: block; }\n#mailpoet_form_1 .mailpoet_text, #mailpoet_form_1 .mailpoet_textarea { width: 200px; }\n#mailpoet_form_1 .mailpoet_checkbox {  }\n#mailpoet_form_1 .mailpoet_submit input {  }\n#mailpoet_form_1 .mailpoet_divider {  }\n#mailpoet_form_1 .mailpoet_message {  }\n#mailpoet_form_1 .mailpoet_validate_success { color: #468847; }\n#mailpoet_form_1 .mailpoet_validate_error { color: #b94a48; }#mailpoet_form_1{border-radius: 0px;background: #8ed1fc;text-align: left;}#mailpoet_form_1 form.mailpoet_form {padding: 20px;}#mailpoet_form_1{width: 100%;}#mailpoet_form_1 .mailpoet_message {margin: 0; padding: 0 20px;}#mailpoet_form_1 .mailpoet_paragraph.last {margin-bottom: 0} @media (max-width: 500px) {#mailpoet_form_1 {background: #8ed1fc;}} @media (min-width: 500px) {#mailpoet_form_1 .last .mailpoet_paragraph:last-child {margin-bottom: 0}}  @media (max-width: 500px) {#mailpoet_form_1 .mailpoet_form_column:last-child .mailpoet_paragraph:last-child {margin-bottom: 0}} \n    <\/style>\n\n    <form\n      target=\"_self\"\n      method=\"post\"\n      action=\"https:\/\/quartier-pouvourville.fr\/web\/wp-admin\/admin-post.php?action=mailpoet_subscription_form\"\n      class=\"mailpoet_form mailpoet_form_form mailpoet_form_shortcode\"\n      novalidate\n      data-delay=\"\"\n      data-exit-intent-enabled=\"\"\n      data-trigger-mode=\"\"\n      data-click-trigger-selector=\"\"\n      data-font-family=\"\"\n      data-cookie-expiration-time=\"\"\n    >\n      <input type=\"hidden\" name=\"data[form_id]\" value=\"1\" \/>\n      <input type=\"hidden\" name=\"token\" value=\"2cc168071a\" \/>\n      <input type=\"hidden\" name=\"api_version\" value=\"v1\" \/>\n      <input type=\"hidden\" name=\"endpoint\" value=\"subscribers\" \/>\n      <input type=\"hidden\" name=\"mailpoet_method\" value=\"subscribe\" \/>\n\n      <label class=\"mailpoet_hp_email_label\" style=\"display: none !important;\">Veuillez laisser ce champ vide<input type=\"email\" name=\"data[email]\"\/><\/label><div class=\"mailpoet_paragraph \"><label for=\"form_email_1\" class=\"mailpoet_text_label\"  data-automation-id=\"form_email_label\" >E-mail&nbsp;<span class=\"mailpoet_required\" aria-hidden=\"true\">*<\/span><\/label><input type=\"email\" autocomplete=\"email\" class=\"mailpoet_text\" id=\"form_email_1\" name=\"data[form_field_ZmZiODU1NTljMDY2X2VtYWls]\" title=\"E-mail\" value=\"\" style=\"padding:5px;margin: 0 auto 0 0;\" data-automation-id=\"form_email\" data-parsley-errors-container=\".mailpoet_error_3ow7t\" data-parsley-required=\"true\" required aria-required=\"true\" data-parsley-minlength=\"6\" data-parsley-maxlength=\"150\" data-parsley-type-message=\"Cette valeur doit \u00eatre un e-mail valide.\" data-parsley-required-message=\"Ce champ est n\u00e9cessaire.\"\/><span class=\"mailpoet_error_3ow7t\"><\/span><\/div>\n<div class=\"mailpoet_paragraph \"><input type=\"submit\" class=\"mailpoet_submit\" value=\"Je m\u2019abonne\u00a0!\" data-automation-id=\"subscribe-submit-button\" style=\"padding:5px;margin: 0 auto 0 0;border-color:transparent;\" \/><span class=\"mailpoet_form_loading\"><span class=\"mailpoet_bounce1\"><\/span><span class=\"mailpoet_bounce2\"><\/span><span class=\"mailpoet_bounce3\"><\/span><\/span><\/div>\n\n      <div class=\"mailpoet_message\">\n        <p class=\"mailpoet_validate_success\"\n                style=\"display:none;\"\n                >V\u00e9rifiez votre boite de r\u00e9ception ou votre r\u00e9pertoire d\u2019ind\u00e9sirables pour confirmer votre abonnement.\n        <\/p>\n        <p class=\"mailpoet_validate_error\"\n                style=\"display:none;\"\n                >        <\/p>\n      <\/div>\n    <\/form>\n\n      <\/div>\n\n  \n<p>&nbsp;<\/p>\n<p>Informez vous en permanence de l&rsquo;actualit\u00e9 du quartier de Pouvourville sur notre site internet et sur <strong><a href=\"https:\/\/www.facebook.com\/pages\/Comit%C3%A9-des-Sports-et-Loisirs-de-Pouvourville\/1418149791815717?fref=nf\">notre page facebook<\/a><\/strong><\/p>\n<p><a href=\"https:\/\/www.facebook.com\/pages\/Comit%C3%A9-des-Sports-et-Loisirs-de-Pouvourville\/1418149791815717?fref=nf\"><img loading=\"lazy\" decoding=\"async\" class=\"alignnone  wp-image-462\" src=\"http:\/\/quartier-pouvourville.fr\/web\/wp-content\/uploads\/2015\/05\/logo-facebook.jpg\" alt=\"logo-facebook\" width=\"63\" height=\"69\" \/><\/a><\/p>\n<p>&nbsp;<\/p>\n","protected":false},"excerpt":{"rendered":"<p>Si vous souhaitez recevoir notre newsletter, indiquez votre adresse mail : &nbsp; Informez vous en permanence de l&rsquo;actualit\u00e9 du quartier de Pouvourville sur notre site internet et sur notre page facebook &nbsp;<\/p>\n","protected":false},"author":11,"featured_media":0,"parent":0,"menu_order":0,"comment_status":"closed","ping_status":"closed","template":"","meta":{"_acf_changed":false,"_lmt_disableupdate":"no","_lmt_disable":"","cybocfi_hide_featured_image":"","footnotes":""},"folder":[316],"class_list":["post-4452","page","type-page","status-publish","hentry"],"blocksy_meta":[],"acf":[],"_links":{"self":[{"href":"https:\/\/quartier-pouvourville.fr\/web\/wp-json\/wp\/v2\/pages\/4452","targetHints":{"allow":["GET"]}}],"collection":[{"href":"https:\/\/quartier-pouvourville.fr\/web\/wp-json\/wp\/v2\/pages"}],"about":[{"href":"https:\/\/quartier-pouvourville.fr\/web\/wp-json\/wp\/v2\/types\/page"}],"author":[{"embeddable":true,"href":"https:\/\/quartier-pouvourville.fr\/web\/wp-json\/wp\/v2\/users\/11"}],"replies":[{"embeddable":true,"href":"https:\/\/quartier-pouvourville.fr\/web\/wp-json\/wp\/v2\/comments?post=4452"}],"version-history":[{"count":0,"href":"https:\/\/quartier-pouvourville.fr\/web\/wp-json\/wp\/v2\/pages\/4452\/revisions"}],"wp:attachment":[{"href":"https:\/\/quartier-pouvourville.fr\/web\/wp-json\/wp\/v2\/media?parent=4452"}],"wp:term":[{"taxonomy":"folder","embeddable":true,"href":"https:\/\/quartier-pouvourville.fr\/web\/wp-json\/wp\/v2\/folder?post=4452"}],"curies":[{"name":"wp","href":"https:\/\/api.w.org\/{rel}","templated":true}]}}