{"id":4561,"date":"2018-08-16T14:36:19","date_gmt":"2018-08-16T13:36:19","guid":{"rendered":"http:\/\/quartier-pouvourville.fr\/web\/?page_id=4561"},"modified":"2025-12-01T09:00:56","modified_gmt":"2025-12-01T08:00:56","slug":"inscription-vide-grenier","status":"publish","type":"page","link":"https:\/\/quartier-pouvourville.fr\/web\/inscription-vide-grenier\/","title":{"rendered":"Inscription Vide-grenier"},"content":{"rendered":"<p>&nbsp;<\/p>\n<p style=\"text-align: center;\">___________________________________________________________________________________________________<\/p>\n<p><strong>Si vous souhaitez tenir un stand, <\/strong>merci de prendre connaissance du <a href=\"https:\/\/quartier-pouvourville.fr\/web\/wp-content\/uploads\/2025\/12\/REGLEMENT-VG-et-BJ.pdf\">REGLEMENT VG et BJ<\/a>\u00a0et de vous pr\u00e9-inscrire suivant cette proc\u00e9dure :<\/p>\n<p>1- t\u00e9l\u00e9charger le formulaire d&rsquo;attestation sur l&rsquo;honneur <a href=\"https:\/\/quartier-pouvourville.fr\/web\/wp-content\/uploads\/2025\/01\/ATTESTATION-SUR-LHONNEUR-Vide-grenier.pdf\">ATTESTATION SUR L&rsquo;HONNEUR Vide grenier<\/a>, renseigner les zones du formulaire (en ligne ou sur une version imprim\u00e9e) ;<\/p>\n<p>2- pr\u00e9parer une copie pdf ou une photo de votre carte d&rsquo;identit\u00e9 ;<\/p>\n<p>3- remplir le formulaire ci-dessous sans oublier de :<br \/>\n&#8211; <span style=\"color: #ff0000;\">mettre en fichier joint votre carte d&rsquo;identit\u00e9<\/span> (pdf ou photo max 5MB),<br \/>\n&#8211; <span style=\"color: #ff0000;\">mettre en fichier joint l&rsquo;attestation sur l&rsquo;honneur<\/span> au format pdf si vous l&rsquo;avez remplie en ligne ou en photo (max 5MB) si vous l&rsquo;avez rempli sur papier<\/p>\n\n<div class=\"wpcf7 no-js\" id=\"wpcf7-f4494-o1\" lang=\"fr-FR\" dir=\"ltr\" data-wpcf7-id=\"4494\">\n<div class=\"screen-reader-response\"><p role=\"status\" aria-live=\"polite\" aria-atomic=\"true\"><\/p> <ul><\/ul><\/div>\n<form action=\"\/web\/wp-json\/wp\/v2\/pages\/4561#wpcf7-f4494-o1\" method=\"post\" class=\"wpcf7-form init\" aria-label=\"Formulaire de contact\" enctype=\"multipart\/form-data\" novalidate=\"novalidate\" data-status=\"init\">\n<fieldset class=\"hidden-fields-container\"><input type=\"hidden\" name=\"_wpcf7\" value=\"4494\" \/><input type=\"hidden\" name=\"_wpcf7_version\" value=\"6.1.5\" \/><input type=\"hidden\" name=\"_wpcf7_locale\" value=\"fr_FR\" \/><input type=\"hidden\" name=\"_wpcf7_unit_tag\" value=\"wpcf7-f4494-o1\" \/><input type=\"hidden\" name=\"_wpcf7_container_post\" value=\"0\" \/><input type=\"hidden\" name=\"_wpcf7_posted_data_hash\" value=\"\" \/><input type=\"hidden\" name=\"_wpcf7_recaptcha_response\" value=\"\" \/>\n<\/fieldset>\n<p><label> Vos nom & pr\u00e9nom (obligatoire)<br \/>\n<span class=\"wpcf7-form-control-wrap\" data-name=\"your-name\"><input size=\"40\" maxlength=\"400\" class=\"wpcf7-form-control wpcf7-text wpcf7-validates-as-required\" aria-required=\"true\" aria-invalid=\"false\" value=\"\" type=\"text\" name=\"your-name\" \/><\/span> <\/label>\n<\/p>\n<p><label> Votre adresse<br \/>\n<span class=\"wpcf7-form-control-wrap\" data-name=\"votre-adresse\"><input size=\"40\" maxlength=\"400\" class=\"wpcf7-form-control wpcf7-text\" aria-invalid=\"false\" value=\"\" type=\"text\" name=\"votre-adresse\" \/><\/span> <\/label>\n<\/p>\n<p><label> Votre num\u00e9ro de t\u00e9l\u00e9phone (obligatoire)<br \/>\n<span class=\"wpcf7-form-control-wrap\" data-name=\"votre-tel\"><input size=\"40\" maxlength=\"400\" class=\"wpcf7-form-control wpcf7-tel wpcf7-validates-as-required wpcf7-text wpcf7-validates-as-tel\" aria-required=\"true\" aria-invalid=\"false\" value=\"\" type=\"tel\" name=\"votre-tel\" \/><\/span> <\/label>\n<\/p>\n<p><label> Votre adresse de messagerie (obligatoire)<br \/>\n<span class=\"wpcf7-form-control-wrap\" data-name=\"your-email\"><input size=\"40\" maxlength=\"400\" class=\"wpcf7-form-control wpcf7-email wpcf7-validates-as-required wpcf7-text wpcf7-validates-as-email\" aria-required=\"true\" aria-invalid=\"false\" value=\"\" type=\"email\" name=\"your-email\" \/><\/span> <\/label>\n<\/p>\n<p><label> Num\u00e9ro d'immatriculation de votre v\u00e9hicule<br \/>\n<span class=\"wpcf7-form-control-wrap\" data-name=\"votre-immat\"><input size=\"40\" maxlength=\"400\" class=\"wpcf7-form-control wpcf7-text\" aria-invalid=\"false\" value=\"\" type=\"text\" name=\"votre-immat\" \/><\/span> <\/label>\n<\/p>\n<p><label> Nombre d'emplacements : (obligatoire)<br \/>\n<span class=\"wpcf7-form-control-wrap\" data-name=\"nombre\"><input class=\"wpcf7-form-control wpcf7-number wpcf7-validates-as-required wpcf7-validates-as-number\" aria-required=\"true\" aria-invalid=\"false\" value=\"\" type=\"number\" name=\"nombre\" \/><\/span> <\/label>\n<\/p>\n<p><label> Types d'objet mis en vente (obligatoire)<br \/>\n<span class=\"wpcf7-form-control-wrap\" data-name=\"votre-message\"><textarea cols=\"40\" rows=\"10\" maxlength=\"2000\" class=\"wpcf7-form-control wpcf7-textarea wpcf7-validates-as-required\" aria-required=\"true\" aria-invalid=\"false\" name=\"votre-message\"><\/textarea><\/span> <\/label>\n<\/p>\n<p><label> Votre pi\u00e8ce d'identit\u00e9 (obligatoire)<br \/>\n<span class=\"wpcf7-form-control-wrap\" data-name=\"identite\"><input size=\"40\" class=\"wpcf7-form-control wpcf7-file wpcf7-validates-as-required\" accept=\"image\/*,.txt,application\/pdf\" aria-required=\"true\" aria-invalid=\"false\" type=\"file\" name=\"identite\" \/><\/span> <\/label>\n<\/p>\n<p><label> Votre formulaire d'attestation sur l'honneur (obligatoire)<br \/>\n<span class=\"wpcf7-form-control-wrap\" data-name=\"attestation\"><input size=\"40\" class=\"wpcf7-form-control wpcf7-file\" accept=\"image\/*,.txt,application\/pdf\" aria-invalid=\"false\" type=\"file\" name=\"attestation\" \/><\/span> <\/label>\n<\/p>\n<p><span class=\"wpcf7-form-control-wrap\" data-name=\"acceptance-338\"><span class=\"wpcf7-form-control wpcf7-acceptance\"><span class=\"wpcf7-list-item\"><label><input type=\"checkbox\" name=\"acceptance-338\" value=\"1\" aria-invalid=\"false\" \/><span class=\"wpcf7-list-item-label\">J'ai pris connaissance du r\u00e8glement du vide-grenier<\/span><\/label><\/span><\/span><\/span>\n<\/p>\n<p><input class=\"wpcf7-form-control wpcf7-submit has-spinner\" type=\"submit\" value=\"Envoyer\" \/>\n<\/p><p style=\"display: none !important;\" class=\"akismet-fields-container\" data-prefix=\"_wpcf7_ak_\"><label>&#916;<textarea name=\"_wpcf7_ak_hp_textarea\" cols=\"45\" rows=\"8\" maxlength=\"100\"><\/textarea><\/label><input type=\"hidden\" id=\"ak_js_1\" name=\"_wpcf7_ak_js\" value=\"232\"\/><script>document.getElementById( \"ak_js_1\" ).setAttribute( \"value\", ( new Date() ).getTime() );<\/script><\/p><div class=\"wpcf7-response-output\" aria-hidden=\"true\"><\/div>\n<\/form>\n<\/div>\n\n<p>&nbsp;<\/p>\n<p><strong>Pour compl\u00e9ter votre dossier, envoyer \u00e0 l&rsquo;adresse suivante :\u00a0<\/strong><\/p>\n<p style=\"text-align: left; padding-left: 120px;\"><span style=\"color: #000080;\">Christelle ARESSY &#8211; CQSLP vide grenier<\/span><\/p>\n<p style=\"text-align: left; padding-left: 120px;\"><span style=\"color: #000080;\">R\u00e9sidence le clos du c\u00e8dre &#8211; Appt 3<\/span><br \/>\n<span style=\"color: #000080;\">33 E chemin de P\u00e9cettes &#8211; 31520 Ramonville St Agne<\/span><\/p>\n<p><strong>&#8211; un ch\u00e8que pour 1 emplacement : 6<\/strong><strong>\u20ac<br \/>\n<\/strong><strong>&#8211; un ch\u00e8que de caution*: 10<\/strong><strong>\u20ac<\/strong><\/p>\n<p><strong>Si le dossier est incomplet l\u2019inscription ne sera pas enregistr\u00e9e.<br \/>\n<\/strong><strong>Un email de confirmation d\u2019inscription vous sera envoy\u00e9 ult\u00e9rieurement.<br \/>\n<\/strong><\/p>\n<p><em>Pour toute question :<\/em> <a href=\"mailto:evenement.cslp@gmail.com\">evenement.cslp@gmail.com\u00a0<\/a><br \/>\ntel 06-52-18-54-71<\/p>\n<p><span style=\"color: #ff0000;\">*<\/span> la caution sera restitu\u00e9e au d\u00e9part de l\u2019exposant qui est tenu de laisser place nette<\/p>\n<h1 style=\"text-align: center;\"><\/h1>\n<p>&nbsp;<\/p>\n","protected":false},"excerpt":{"rendered":"<p>&nbsp; ___________________________________________________________________________________________________ Si vous souhaitez tenir un stand, merci de prendre connaissance du REGLEMENT VG et BJ\u00a0et de vous pr\u00e9-inscrire suivant cette proc\u00e9dure : 1- t\u00e9l\u00e9charger le formulaire d&rsquo;attestation sur l&rsquo;honneur ATTESTATION SUR L&rsquo;HONNEUR Vide grenier, renseigner les zones du formulaire (en ligne ou sur une version imprim\u00e9e) ; 2- pr\u00e9parer une copie pdf ou [&hellip;]<\/p>\n","protected":false},"author":11,"featured_media":66394,"parent":0,"menu_order":0,"comment_status":"closed","ping_status":"closed","template":"","meta":{"_acf_changed":false,"_lmt_disableupdate":"no","_lmt_disable":"","cybocfi_hide_featured_image":"","footnotes":""},"folder":[316],"class_list":["post-4561","page","type-page","status-publish","has-post-thumbnail","hentry"],"blocksy_meta":[],"acf":[],"_links":{"self":[{"href":"https:\/\/quartier-pouvourville.fr\/web\/wp-json\/wp\/v2\/pages\/4561","targetHints":{"allow":["GET"]}}],"collection":[{"href":"https:\/\/quartier-pouvourville.fr\/web\/wp-json\/wp\/v2\/pages"}],"about":[{"href":"https:\/\/quartier-pouvourville.fr\/web\/wp-json\/wp\/v2\/types\/page"}],"author":[{"embeddable":true,"href":"https:\/\/quartier-pouvourville.fr\/web\/wp-json\/wp\/v2\/users\/11"}],"replies":[{"embeddable":true,"href":"https:\/\/quartier-pouvourville.fr\/web\/wp-json\/wp\/v2\/comments?post=4561"}],"version-history":[{"count":4,"href":"https:\/\/quartier-pouvourville.fr\/web\/wp-json\/wp\/v2\/pages\/4561\/revisions"}],"predecessor-version":[{"id":67550,"href":"https:\/\/quartier-pouvourville.fr\/web\/wp-json\/wp\/v2\/pages\/4561\/revisions\/67550"}],"wp:featuredmedia":[{"embeddable":true,"href":"https:\/\/quartier-pouvourville.fr\/web\/wp-json\/wp\/v2\/media\/66394"}],"wp:attachment":[{"href":"https:\/\/quartier-pouvourville.fr\/web\/wp-json\/wp\/v2\/media?parent=4561"}],"wp:term":[{"taxonomy":"folder","embeddable":true,"href":"https:\/\/quartier-pouvourville.fr\/web\/wp-json\/wp\/v2\/folder?post=4561"}],"curies":[{"name":"wp","href":"https:\/\/api.w.org\/{rel}","templated":true}]}}