{"id":4606,"date":"2018-08-21T08:54:47","date_gmt":"2018-08-21T07:54:47","guid":{"rendered":"http:\/\/quartier-pouvourville.fr\/web\/?page_id=4606"},"modified":"2026-03-28T10:58:10","modified_gmt":"2026-03-28T09:58:10","slug":"documents","status":"publish","type":"page","link":"https:\/\/quartier-pouvourville.fr\/web\/documents\/","title":{"rendered":"Documents \u00e0 t\u00e9l\u00e9charger"},"content":{"rendered":"<h4>Pour les associations :<\/h4>\n<ul>\n<li><a href=\"https:\/\/quartier-pouvourville.fr\/web\/wp-content\/uploads\/2025\/10\/Complement_Registre_Securite_Pouvourville.pdf\" target=\"_blank\" rel=\"noopener\">Compl\u00e9ment_Registre_Securite_Pouvourville<\/a><\/li>\n<li><a href=\"https:\/\/quartier-pouvourville.fr\/web\/wp-content\/uploads\/2025\/10\/Contrat-doccupation-des-salles.pdf\" target=\"_blank\" rel=\"noopener\">Contrat d&rsquo;occupation des salles<\/a><\/li>\n<li><a href=\"https:\/\/quartier-pouvourville.fr\/web\/wp-content\/uploads\/2025\/06\/RI-Salle-2025-VF.pdf\" target=\"_blank\" rel=\"noopener\">R\u00e8glement int\u00e9rieur de la maison de quartier<\/a><\/li>\n<li><a href=\"https:\/\/quartier-pouvourville.fr\/web\/wp-content\/uploads\/2025\/03\/NOTICE-SECURITE.pdf\" target=\"_blank\" rel=\"noopener\">NOTICE SECURITE<\/a><\/li>\n<li><a href=\"https:\/\/quartier-pouvourville.fr\/web\/wp-content\/uploads\/2023\/12\/2024_RAPPEL-CONSIGNES-UTILISATION-DES-SALLES-DE-LA-MAISON-DE-QUARTIER-DE-POUVOURVILLE.pdf\" target=\"_blank\" rel=\"noopener\">2024_RAPPEL CONSIGNES UTILISATION DES SALLES DE LA MAISON DE QUARTIER DE POUVOURVILLE<\/a><\/li>\n<li><a href=\"https:\/\/quartier-pouvourville.fr\/web\/wp-content\/uploads\/2025\/09\/CSLP_Guide_asso_140825.pdf\" target=\"_blank\" rel=\"noopener\">CSLP_Guide_asso_140825<\/a><\/li>\n<\/ul>\n<p><span style=\"color: #333399;\"><strong>Remarque<\/strong> : plus de fiche d&rsquo;adh\u00e9sion, les associations ainsi que tous les participants aux activit\u00e9s doivent s&rsquo;inscrire via le <strong>formulaire en ligne <\/strong>ou le site<strong> HelloAsso<\/strong>.<br \/>\n<\/span><\/p>\n<h4>Autres documents officiels :<\/h4>\n<ul>\n<li><a href=\"https:\/\/quartier-pouvourville.fr\/web\/wp-content\/uploads\/2026\/03\/2026-03-13_PV_CA_sign.pdf\">2026-03-13_PV_CA_sign<\/a><\/li>\n<li><a href=\"https:\/\/quartier-pouvourville.fr\/web\/wp-content\/uploads\/2025\/06\/Statuts-CQSLP-2025_vdef.pdf\" target=\"_blank\" rel=\"noopener\">Statuts vot\u00e9s le 10 juin 2025<\/a><\/li>\n<li><a href=\"https:\/\/quartier-pouvourville.fr\/web\/wp-content\/uploads\/2025\/03\/2025-01-18-AG_CA_CSLP.pdf\" target=\"_blank\" rel=\"noopener\">2025-01-18-AG_CA_CSLP<\/a><\/li>\n<li><a href=\"https:\/\/quartier-pouvourville.fr\/web\/wp-content\/uploads\/2025\/03\/Convention-triennale-CSLP_2025-2027.pdf\" target=\"_blank\" rel=\"noopener\">Convention triennale CSLP_2025-2027, <\/a><a href=\"https:\/\/quartier-pouvourville.fr\/web\/wp-content\/uploads\/2025\/03\/ANNEXE-3-CLSP_2025-2027_VF.pdf\" target=\"_blank\" rel=\"noopener\">ANNEXE 3 CLSP_2025-2027_VF<\/a><\/li>\n<li><a href=\"https:\/\/quartier-pouvourville.fr\/web\/wp-content\/uploads\/2025\/09\/REGLEMENT-INTERIEUR-APPLICABLE-AUX-SALLES-DE-PROXIMITE.pdf\" target=\"_blank\" rel=\"noopener\">R\u00e9glement int\u00e9rieur des salles communales<\/a> (pour la salle du 75 rue de Fondeville)<\/li>\n<\/ul>\n<p>&nbsp;<\/p>\n<p>&nbsp;<\/p>\n<p>&nbsp;<\/p>\n","protected":false},"excerpt":{"rendered":"<p>Pour les associations : Compl\u00e9ment_Registre_Securite_Pouvourville Contrat d&rsquo;occupation des salles R\u00e8glement int\u00e9rieur de la maison de quartier NOTICE SECURITE 2024_RAPPEL CONSIGNES UTILISATION DES SALLES DE LA MAISON DE QUARTIER DE POUVOURVILLE CSLP_Guide_asso_140825 Remarque : plus de fiche d&rsquo;adh\u00e9sion, les associations ainsi que tous les participants aux activit\u00e9s doivent s&rsquo;inscrire via le formulaire en ligne ou le [&hellip;]<\/p>\n","protected":false},"author":11,"featured_media":0,"parent":0,"menu_order":0,"comment_status":"closed","ping_status":"closed","template":"","meta":{"_acf_changed":false,"_lmt_disableupdate":"no","_lmt_disable":"","cybocfi_hide_featured_image":"","footnotes":""},"folder":[316],"class_list":["post-4606","page","type-page","status-publish","hentry"],"blocksy_meta":[],"acf":[],"_links":{"self":[{"href":"https:\/\/quartier-pouvourville.fr\/web\/wp-json\/wp\/v2\/pages\/4606","targetHints":{"allow":["GET"]}}],"collection":[{"href":"https:\/\/quartier-pouvourville.fr\/web\/wp-json\/wp\/v2\/pages"}],"about":[{"href":"https:\/\/quartier-pouvourville.fr\/web\/wp-json\/wp\/v2\/types\/page"}],"author":[{"embeddable":true,"href":"https:\/\/quartier-pouvourville.fr\/web\/wp-json\/wp\/v2\/users\/11"}],"replies":[{"embeddable":true,"href":"https:\/\/quartier-pouvourville.fr\/web\/wp-json\/wp\/v2\/comments?post=4606"}],"version-history":[{"count":15,"href":"https:\/\/quartier-pouvourville.fr\/web\/wp-json\/wp\/v2\/pages\/4606\/revisions"}],"predecessor-version":[{"id":66367,"href":"https:\/\/quartier-pouvourville.fr\/web\/wp-json\/wp\/v2\/pages\/4606\/revisions\/66367"}],"wp:attachment":[{"href":"https:\/\/quartier-pouvourville.fr\/web\/wp-json\/wp\/v2\/media?parent=4606"}],"wp:term":[{"taxonomy":"folder","embeddable":true,"href":"https:\/\/quartier-pouvourville.fr\/web\/wp-json\/wp\/v2\/folder?post=4606"}],"curies":[{"name":"wp","href":"https:\/\/api.w.org\/{rel}","templated":true}]}}