{"id":5875,"date":"2019-04-10T10:09:57","date_gmt":"2019-04-10T09:09:57","guid":{"rendered":"http:\/\/quartier-pouvourville.fr\/web\/?page_id=5875"},"modified":"2021-09-13T11:17:47","modified_gmt":"2021-09-13T10:17:47","slug":"vous-inscrire-2","status":"publish","type":"page","link":"https:\/\/quartier-pouvourville.fr\/web\/vous-inscrire-2\/","title":{"rendered":"Adh\u00e9rer au CSLP"},"content":{"rendered":"<p>Pour adh\u00e9rer au CSLP en tant qu&rsquo;individu et participer aux activit\u00e9s propos\u00e9es par les associations adh\u00e9rentes, vous devez vous inscrire via une fiche d&rsquo;inscription <a href=\"https:\/\/quartier-pouvourville.fr\/web\/wp-content\/uploads\/2021\/06\/Adhesion_CSLP_2021-2022.pdf\">Adh\u00e9sion_CSLP_2021-2022<\/a><br \/>\nVous pouvez vous inscrire lors des journ\u00e9es portes ouvertes qui ont lieu tous les ans le 1er ou le 2\u00e8me samedi de septembre \u00e0 la maison de quartier (MdQ), ou aupr\u00e8s de l&rsquo;association qui propose l&rsquo;activit\u00e9 que vous pratiquez <span style=\"color: #0000ff;\">mais aussi en envoyant votre fiche d&rsquo;inscription compl\u00e9t\u00e9e et scann\u00e9e au CSLP via le formulaire ci-dessous :<\/span><\/p>\n<p><strong><span style=\"color: #ff0000;\">Attention : si vous \u00e9tiez adh\u00e9rent pour la saison 2020-2021<\/span><\/strong><br \/>\nComme nous venons de vivre une saison 2020-2021 exceptionnelle, o\u00f9 les activit\u00e9s n&rsquo;ont pu se d\u00e9rouler convenablement, entre confinements successifs et distanciation sociale, m\u00eame si les associations ont tout mis en \u0153uvre pour mener les activit\u00e9s chaque fois que possible,<strong> le bureau du CSLP a d\u00e9cid\u00e9 d&rsquo;<span style=\"color: #ff0000;\">exon\u00e9rer de la cotisation 2021-2022<\/span> tous ceux qui avaient pay\u00e9 leur cotisation pour\u00a0 la saison 2020-2021.<\/strong> En payant l&rsquo;activit\u00e9 qui les int\u00e9resse pour la saison 2021-2022, ces personnes seront automatiquement couvertes par l&rsquo;assurance du <strong>CSLP <\/strong>dans les locaux de la <strong>Maison de quartier<\/strong>.<\/p>\n<p><span style=\"color: #ff0000;\">Dans ce cas, pas besoin d&rsquo;envoyer de fiche, sauf si une information a chang\u00e9 (l&rsquo;activit\u00e9 demand\u00e9e par exemple&#8230;)<br \/>\n<\/span><\/p>\n<p class=\"wpcf7-contact-form-not-found\"><strong>Erreur\u00a0:<\/strong> Formulaire de contact non trouv\u00e9\u00a0!<\/p>\n","protected":false},"excerpt":{"rendered":"<p>Pour adh\u00e9rer au CSLP en tant qu&rsquo;individu et participer aux activit\u00e9s propos\u00e9es par les associations adh\u00e9rentes, vous devez vous inscrire via une fiche d&rsquo;inscription Adh\u00e9sion_CSLP_2021-2022 Vous pouvez vous inscrire lors des journ\u00e9es portes ouvertes qui ont lieu tous les ans le 1er ou le 2\u00e8me samedi de septembre \u00e0 la maison de quartier (MdQ), ou [&hellip;]<\/p>\n","protected":false},"author":11,"featured_media":0,"parent":0,"menu_order":0,"comment_status":"closed","ping_status":"closed","template":"","meta":{"_acf_changed":false,"_lmt_disableupdate":"no","_lmt_disable":"","footnotes":""},"folder":[316],"class_list":["post-5875","page","type-page","status-publish","hentry"],"blocksy_meta":[],"acf":[],"_links":{"self":[{"href":"https:\/\/quartier-pouvourville.fr\/web\/wp-json\/wp\/v2\/pages\/5875","targetHints":{"allow":["GET"]}}],"collection":[{"href":"https:\/\/quartier-pouvourville.fr\/web\/wp-json\/wp\/v2\/pages"}],"about":[{"href":"https:\/\/quartier-pouvourville.fr\/web\/wp-json\/wp\/v2\/types\/page"}],"author":[{"embeddable":true,"href":"https:\/\/quartier-pouvourville.fr\/web\/wp-json\/wp\/v2\/users\/11"}],"replies":[{"embeddable":true,"href":"https:\/\/quartier-pouvourville.fr\/web\/wp-json\/wp\/v2\/comments?post=5875"}],"version-history":[{"count":0,"href":"https:\/\/quartier-pouvourville.fr\/web\/wp-json\/wp\/v2\/pages\/5875\/revisions"}],"wp:attachment":[{"href":"https:\/\/quartier-pouvourville.fr\/web\/wp-json\/wp\/v2\/media?parent=5875"}],"wp:term":[{"taxonomy":"folder","embeddable":true,"href":"https:\/\/quartier-pouvourville.fr\/web\/wp-json\/wp\/v2\/folder?post=5875"}],"curies":[{"name":"wp","href":"https:\/\/api.w.org\/{rel}","templated":true}]}}