{"id":59883,"date":"2024-09-03T17:00:09","date_gmt":"2024-09-03T16:00:09","guid":{"rendered":"https:\/\/quartier-pouvourville.fr\/web\/?page_id=59883"},"modified":"2025-07-16T13:56:12","modified_gmt":"2025-07-16T12:56:12","slug":"petite-histoire-de-pouvourville","status":"publish","type":"page","link":"https:\/\/quartier-pouvourville.fr\/web\/petite-histoire-de-pouvourville\/","title":{"rendered":"Pouvourville"},"content":{"rendered":"<p><img loading=\"lazy\" decoding=\"async\" class=\"size-full wp-image-1413 aligncenter\" src=\"https:\/\/quartier-pouvourville.fr\/web\/wp-content\/uploads\/2017\/02\/place-eglise.jpg\" alt=\"\" width=\"799\" height=\"600\" srcset=\"https:\/\/quartier-pouvourville.fr\/web\/wp-content\/uploads\/2017\/02\/place-eglise.jpg 799w, https:\/\/quartier-pouvourville.fr\/web\/wp-content\/uploads\/2017\/02\/place-eglise-300x225.jpg 300w, https:\/\/quartier-pouvourville.fr\/web\/wp-content\/uploads\/2017\/02\/place-eglise-768x577.jpg 768w\" sizes=\"auto, (max-width: 799px) 100vw, 799px\" \/><\/p>\n<p>&nbsp;<\/p>\n<p>Situ\u00e9 sur les derniers coteaux du Lauragais, Pouvourville fut pendant des si\u00e8cles un petit village agricole, comme des centaines d\u2019autres dans cette r\u00e9gion. Mais, premi\u00e8re particularit\u00e9, bien que distant de sept kilom\u00e8tres du centre-ville de Toulouse, Pouvourville n\u2019a jamais \u00e9t\u00e9 une commune ind\u00e9pendante et fut donc de tout temps un hameau de la commune de Toulouse au m\u00eame titre que Montaudran ou St Simon.<br \/>\nAvec l\u2019urbanisation croissante de ces derni\u00e8res ann\u00e9es, Pouvourville est devenu un quartier de Toulouse, mais a su conserver sa sp\u00e9cificit\u00e9 de noyau villageois.<br \/>\nSa situation g\u00e9ographique, en hauteur par rapport au reste de la ville, offre une vue d\u00e9gag\u00e9e sur les vall\u00e9es de l\u2019Hers et de la Garonne. Pouvourville a donc toujours repr\u00e9sent\u00e9 un point strat\u00e9gique aussi bien \u00e0 l\u2019\u00e9poque celtique que pendant la derni\u00e8re guerre mondiale.<\/p>\n<h3><span style=\"color: #008000;\">Pour en savoir plus :<\/span><\/h3>\n<p style=\"text-align: left;\"><strong>Gr\u00e2ce \u00e0 ce petit recueil \u00e9crit par Pierre, vous saurez tout sur l\u2019histoire de votre quartier au fil des si\u00e8cles<\/strong> <a href=\"https:\/\/quartier-pouvourville.fr\/web\/wp-content\/uploads\/2024\/09\/POUVOURVILLE-V7-Janv-2020-.pdf\" target=\"_blank\" rel=\"noopener\">POUVOURVILLE V7 Janv 2020-.pdf\u00a0 <\/a><\/p>\n<h2><span style=\"color: #008000;\">Pouvourville \u00e0 pied<\/span><\/h2>\n<p style=\"text-align: left;\"><strong>Ce topoguide vous accompagnera dans vos balades<\/strong> <a href=\"https:\/\/quartier-pouvourville.fr\/web\/wp-content\/uploads\/2024\/09\/rando-pouvourville-edition2018-leger.pdf\" target=\"_blank\" rel=\"noopener\">rando-pouvourville-edition2018<\/a><\/p>\n<p><strong><span style=\"color: #ff0000;\">IMPORTANT<\/span><\/strong>.<br \/>\n&#8211; <strong>circuit 2<\/strong> : soyez prudents sur le chemin qui descend vers le chemin de Rivalsupervic et sur celui qui remonte vers le chemin du Manel car ils ne sont pas en bon \u00e9tat (crevasses, ravinement) ;<br \/>\n&#8211; <strong>boucle suppl\u00e9mentaire au circuit 2<\/strong> : au d\u00e9part, on ne peut plus passer par le c\u00f4t\u00e9 gauche du club hippique (porte ferm\u00e9e). Il faut prendre le m\u00eame chemin au d\u00e9part qu\u2019au retour en longeant le chemin des c\u00f4tes de Pech-David.<\/p>\n<p>&nbsp;<\/p>\n<p>&nbsp;<\/p>\n","protected":false},"excerpt":{"rendered":"<p>&nbsp; Situ\u00e9 sur les derniers coteaux du Lauragais, Pouvourville fut pendant des si\u00e8cles un petit village agricole, comme des centaines d\u2019autres dans cette r\u00e9gion. Mais, premi\u00e8re particularit\u00e9, bien que distant de sept kilom\u00e8tres du centre-ville de Toulouse, Pouvourville n\u2019a jamais \u00e9t\u00e9 une commune ind\u00e9pendante et fut donc de tout temps un hameau de la commune [&hellip;]<\/p>\n","protected":false},"author":11,"featured_media":0,"parent":0,"menu_order":0,"comment_status":"closed","ping_status":"closed","template":"","meta":{"_acf_changed":false,"_lmt_disableupdate":"no","_lmt_disable":"","cybocfi_hide_featured_image":"","footnotes":""},"folder":[315],"class_list":["post-59883","page","type-page","status-publish","hentry"],"blocksy_meta":[],"acf":[],"_links":{"self":[{"href":"https:\/\/quartier-pouvourville.fr\/web\/wp-json\/wp\/v2\/pages\/59883","targetHints":{"allow":["GET"]}}],"collection":[{"href":"https:\/\/quartier-pouvourville.fr\/web\/wp-json\/wp\/v2\/pages"}],"about":[{"href":"https:\/\/quartier-pouvourville.fr\/web\/wp-json\/wp\/v2\/types\/page"}],"author":[{"embeddable":true,"href":"https:\/\/quartier-pouvourville.fr\/web\/wp-json\/wp\/v2\/users\/11"}],"replies":[{"embeddable":true,"href":"https:\/\/quartier-pouvourville.fr\/web\/wp-json\/wp\/v2\/comments?post=59883"}],"version-history":[{"count":1,"href":"https:\/\/quartier-pouvourville.fr\/web\/wp-json\/wp\/v2\/pages\/59883\/revisions"}],"predecessor-version":[{"id":65680,"href":"https:\/\/quartier-pouvourville.fr\/web\/wp-json\/wp\/v2\/pages\/59883\/revisions\/65680"}],"wp:attachment":[{"href":"https:\/\/quartier-pouvourville.fr\/web\/wp-json\/wp\/v2\/media?parent=59883"}],"wp:term":[{"taxonomy":"folder","embeddable":true,"href":"https:\/\/quartier-pouvourville.fr\/web\/wp-json\/wp\/v2\/folder?post=59883"}],"curies":[{"name":"wp","href":"https:\/\/api.w.org\/{rel}","templated":true}]}}