{"id":59901,"date":"2024-09-03T18:17:31","date_gmt":"2024-09-03T17:17:31","guid":{"rendered":"https:\/\/quartier-pouvourville.fr\/web\/?page_id=59901"},"modified":"2025-11-14T18:48:55","modified_gmt":"2025-11-14T17:48:55","slug":"votre-agenda","status":"publish","type":"page","link":"https:\/\/quartier-pouvourville.fr\/web\/votre-agenda\/","title":{"rendered":"Agenda 2025-2026"},"content":{"rendered":"<p>Vos soir\u00e9es et \u00e9v\u00e9nements \u00e0 la maison de quartier de Pouvourville<\/p>\n<h2 id=\"tablepress-4-name\" class=\"tablepress-table-name tablepress-table-name-id-4\">Agenda 2025-2026<\/h2>\n\n<table id=\"tablepress-4\" class=\"tablepress tablepress-id-4\" aria-labelledby=\"tablepress-4-name\">\n<thead>\n<tr class=\"row-1\">\n\t<th class=\"column-1\">Mois<\/th><th class=\"column-2\">Jour<\/th><th class=\"column-3\">Ev\u00e9nement<\/th><th class=\"column-4\">Horaire<\/th>\n<\/tr>\n<\/thead>\n<tbody class=\"row-striping row-hover\">\n<tr class=\"row-2\">\n\t<td class=\"column-1\"><strong>Septembre<\/strong><\/td><td class=\"column-2\">Samedi 6<\/td><td class=\"column-3\">JPO<\/td><td class=\"column-4\">14h-18h<\/td>\n<\/tr>\n<tr class=\"row-3\">\n\t<td class=\"column-1\"><\/td><td class=\"column-2\">Samedi 6<\/td><td class=\"column-3\">Soir\u00e9e Danse Latino<\/td><td class=\"column-4\"><\/td>\n<\/tr>\n<tr class=\"row-4\">\n\t<td class=\"column-1\"><\/td><td class=\"column-2\">Dimanche 14<\/td><td class=\"column-3\">Vide Grenier<\/td><td class=\"column-4\"><\/td>\n<\/tr>\n<tr class=\"row-5\">\n\t<td class=\"column-1\"><\/td><td class=\"column-2\">Samedi 27<\/td><td class=\"column-3\">Soir\u00e9e Rock<\/td><td class=\"column-4\"><\/td>\n<\/tr>\n<tr class=\"row-6\">\n\t<td class=\"column-1\"><strong>Octobre<\/strong><\/td><td class=\"column-2\">Samedi 4<\/td><td class=\"column-3\">Soir\u00e9e Danse Latino<\/td><td class=\"column-4\"><\/td>\n<\/tr>\n<tr class=\"row-7\">\n\t<td class=\"column-1\"><\/td><td class=\"column-2\">Samedi 11<\/td><td class=\"column-3\">Th\u00e9\u00e2tre<\/td><td class=\"column-4\">20h30<\/td>\n<\/tr>\n<tr class=\"row-8\">\n\t<td class=\"column-1\"><\/td><td class=\"column-2\">Samedi 25<\/td><td class=\"column-3\">Soir\u00e9e Rock<\/td><td class=\"column-4\"><\/td>\n<\/tr>\n<tr class=\"row-9\">\n\t<td class=\"column-1\"><strong>Novembre<\/strong><\/td><td class=\"column-2\">Samedi 1<\/td><td class=\"column-3\">Soir\u00e9e Danse Latino<\/td><td class=\"column-4\"><\/td>\n<\/tr>\n<tr class=\"row-10\">\n\t<td class=\"column-1\"><\/td><td class=\"column-2\">Dimanche 16<\/td><td class=\"column-3\">Bourse aux jouets<\/td><td class=\"column-4\"><\/td>\n<\/tr>\n<tr class=\"row-11\">\n\t<td class=\"column-1\"><\/td><td class=\"column-2\">Samedi 22<\/td><td class=\"column-3\">Th\u00e9\u00e2tre<\/td><td class=\"column-4\">20h30<\/td>\n<\/tr>\n<tr class=\"row-12\">\n\t<td class=\"column-1\"><\/td><td class=\"column-2\">Samedi 29<\/td><td class=\"column-3\">Soir\u00e9e Rock<\/td><td class=\"column-4\"><\/td>\n<\/tr>\n<tr class=\"row-13\">\n\t<td class=\"column-1\"><strong>D\u00e9cembre<\/strong><\/td><td class=\"column-2\">Samedi 6<\/td><td class=\"column-3\">Soir\u00e9e Danse Latino<\/td><td class=\"column-4\"><\/td>\n<\/tr>\n<tr class=\"row-14\">\n\t<td class=\"column-1\"><\/td><td class=\"column-2\">Samedi 13<\/td><td class=\"column-3\">Th\u00e9\u00e2tre<\/td><td class=\"column-4\">20h30<\/td>\n<\/tr>\n<tr class=\"row-15\">\n\t<td class=\"column-1\"><\/td><td class=\"column-2\">Samedi 20<\/td><td class=\"column-3\">Soir\u00e9e Rock<\/td><td class=\"column-4\"><\/td>\n<\/tr>\n<tr class=\"row-16\">\n\t<td class=\"column-1\"><strong>Janvier<\/strong><\/td><td class=\"column-2\">Samedi 3<\/td><td class=\"column-3\">Soir\u00e9e Danse Latino<\/td><td class=\"column-4\"><\/td>\n<\/tr>\n<tr class=\"row-17\">\n\t<td class=\"column-1\"><\/td><td class=\"column-2\">Samedi 17<\/td><td class=\"column-3\">Th\u00e9\u00e2tre<\/td><td class=\"column-4\">20h30<\/td>\n<\/tr>\n<tr class=\"row-18\">\n\t<td class=\"column-1\"><\/td><td class=\"column-2\">Samedi 24<\/td><td class=\"column-3\">Soir\u00e9e Rock<\/td><td class=\"column-4\"><\/td>\n<\/tr>\n<tr class=\"row-19\">\n\t<td class=\"column-1\"><\/td><td class=\"column-2\">Samedi 31r<\/td><td class=\"column-3\">Soir\u00e9e Danse Latino<\/td><td class=\"column-4\"><\/td>\n<\/tr>\n<tr class=\"row-20\">\n\t<td class=\"column-1\"><strong>F\u00e9vrier<\/strong><\/td><td class=\"column-2\">Samedi 7 et dimanche 8<\/td><td class=\"column-3\">Th\u00e9\u00e2tres d'Hivers<\/td><td class=\"column-4\"><\/td>\n<\/tr>\n<tr class=\"row-21\">\n\t<td class=\"column-1\"><\/td><td class=\"column-2\">Samedi 28<\/td><td class=\"column-3\">Soir\u00e9e Rock<\/td><td class=\"column-4\"><\/td>\n<\/tr>\n<tr class=\"row-22\">\n\t<td class=\"column-1\"><strong>Mars<\/strong><\/td><td class=\"column-2\">Samedi 7<\/td><td class=\"column-3\">Soir\u00e9e Danse Latino<\/td><td class=\"column-4\"><\/td>\n<\/tr>\n<tr class=\"row-23\">\n\t<td class=\"column-1\"><\/td><td class=\"column-2\">Samedi 21<\/td><td class=\"column-3\">Soir\u00e9e Rock<\/td><td class=\"column-4\"><\/td>\n<\/tr>\n<tr class=\"row-24\">\n\t<td class=\"column-1\"><\/td><td class=\"column-2\">Vendredi 27, samedi 28 et dimanche 29<\/td><td class=\"column-3\">Festival de Th\u00e9\u00e2tre<\/td><td class=\"column-4\"><\/td>\n<\/tr>\n<tr class=\"row-25\">\n\t<td class=\"column-1\"><strong>Avril<\/strong><\/td><td class=\"column-2\">Samedi 4<\/td><td class=\"column-3\">Soir\u00e9e Danse Latino<\/td><td class=\"column-4\"><\/td>\n<\/tr>\n<tr class=\"row-26\">\n\t<td class=\"column-1\"><\/td><td class=\"column-2\">Samedi 25<\/td><td class=\"column-3\">Soir\u00e9e Rock<\/td><td class=\"column-4\"><\/td>\n<\/tr>\n<tr class=\"row-27\">\n\t<td class=\"column-1\"><strong>Mai<\/strong><\/td><td class=\"column-2\">Samedi 2<\/td><td class=\"column-3\">Soir\u00e9e Danse Latino<\/td><td class=\"column-4\"><\/td>\n<\/tr>\n<tr class=\"row-28\">\n\t<td class=\"column-1\"><\/td><td class=\"column-2\">Dimanche 10<\/td><td class=\"column-3\">10 km de Pouvourville<\/td><td class=\"column-4\"><\/td>\n<\/tr>\n<tr class=\"row-29\">\n\t<td class=\"column-1\"><\/td><td class=\"column-2\">Samedi 23<\/td><td class=\"column-3\">Th\u00e9\u00e2tre<\/td><td class=\"column-4\">20h30<\/td>\n<\/tr>\n<tr class=\"row-30\">\n\t<td class=\"column-1\"><\/td><td class=\"column-2\">Samedi 30<\/td><td class=\"column-3\">Soir\u00e9e Rock<\/td><td class=\"column-4\"><\/td>\n<\/tr>\n<tr class=\"row-31\">\n\t<td class=\"column-1\"><strong>Juin<\/strong><\/td><td class=\"column-2\">Samedi 6<\/td><td class=\"column-3\">Soir\u00e9e Danse Latino<\/td><td class=\"column-4\"><\/td>\n<\/tr>\n<tr class=\"row-32\">\n\t<td class=\"column-1\"><\/td><td class=\"column-2\">Samedi 13<\/td><td class=\"column-3\">Th\u00e9\u00e2tre<\/td><td class=\"column-4\">20h30<\/td>\n<\/tr>\n<tr class=\"row-33\">\n\t<td class=\"column-1\"><\/td><td class=\"column-2\">Samedi 20<\/td><td class=\"column-3\">Soir\u00e9e Rock <\/td><td class=\"column-4\"><\/td>\n<\/tr>\n<tr class=\"row-34\">\n\t<td class=\"column-1\"><\/td><td class=\"column-2\">Samedi 27<\/td><td class=\"column-3\">Pouvour'en f\u00eate<\/td><td class=\"column-4\"><\/td>\n<\/tr>\n<tr class=\"row-35\">\n\t<td class=\"column-1\"><strong>Juillet<\/strong><\/td><td class=\"column-2\">Samedi 4<\/td><td class=\"column-3\">Soir\u00e9e Danse Latino<\/td><td class=\"column-4\"><\/td>\n<\/tr>\n<tr class=\"row-36\">\n\t<td class=\"column-1\"><\/td><td class=\"column-2\">Samedi 25<\/td><td class=\"column-3\">Soir\u00e9e Rock<\/td><td class=\"column-4\"><\/td>\n<\/tr>\n<tr class=\"row-37\">\n\t<td class=\"column-1\"><strong>Ao\u00fbt<\/strong><\/td><td class=\"column-2\">Samedi 29<\/td><td class=\"column-3\">Soir\u00e9e Rock<\/td><td class=\"column-4\"><\/td>\n<\/tr>\n<\/tbody>\n<\/table>\n<!-- #tablepress-4 from cache -->\n","protected":false},"excerpt":{"rendered":"<p>Vos soir\u00e9es et \u00e9v\u00e9nements \u00e0 la maison de quartier de Pouvourville<\/p>\n","protected":false},"author":11,"featured_media":0,"parent":0,"menu_order":0,"comment_status":"closed","ping_status":"closed","template":"","meta":{"_acf_changed":false,"_lmt_disableupdate":"no","_lmt_disable":"","footnotes":""},"folder":[315],"class_list":["post-59901","page","type-page","status-publish","hentry"],"blocksy_meta":[],"acf":[],"_links":{"self":[{"href":"https:\/\/quartier-pouvourville.fr\/web\/wp-json\/wp\/v2\/pages\/59901","targetHints":{"allow":["GET"]}}],"collection":[{"href":"https:\/\/quartier-pouvourville.fr\/web\/wp-json\/wp\/v2\/pages"}],"about":[{"href":"https:\/\/quartier-pouvourville.fr\/web\/wp-json\/wp\/v2\/types\/page"}],"author":[{"embeddable":true,"href":"https:\/\/quartier-pouvourville.fr\/web\/wp-json\/wp\/v2\/users\/11"}],"replies":[{"embeddable":true,"href":"https:\/\/quartier-pouvourville.fr\/web\/wp-json\/wp\/v2\/comments?post=59901"}],"version-history":[{"count":4,"href":"https:\/\/quartier-pouvourville.fr\/web\/wp-json\/wp\/v2\/pages\/59901\/revisions"}],"predecessor-version":[{"id":67386,"href":"https:\/\/quartier-pouvourville.fr\/web\/wp-json\/wp\/v2\/pages\/59901\/revisions\/67386"}],"wp:attachment":[{"href":"https:\/\/quartier-pouvourville.fr\/web\/wp-json\/wp\/v2\/media?parent=59901"}],"wp:term":[{"taxonomy":"folder","embeddable":true,"href":"https:\/\/quartier-pouvourville.fr\/web\/wp-json\/wp\/v2\/folder?post=59901"}],"curies":[{"name":"wp","href":"https:\/\/api.w.org\/{rel}","templated":true}]}}