{"id":63792,"date":"2025-03-24T09:15:27","date_gmt":"2025-03-24T08:15:27","guid":{"rendered":"https:\/\/quartier-pouvourville.fr\/web\/?page_id=63792"},"modified":"2025-09-06T18:07:45","modified_gmt":"2025-09-06T17:07:45","slug":"inscription-au-cslp-association","status":"publish","type":"page","link":"https:\/\/quartier-pouvourville.fr\/web\/inscription-au-cslp-association\/","title":{"rendered":"Inscription au CQSLP (association)"},"content":{"rendered":"<p>Vous devez renseigner ce formulaire lors de la <strong>1\u00e8re inscription de votre association au CQSLP<\/strong> ou lorsque les informations concernant l&rsquo;association ont chang\u00e9.<\/p>\n<p>Si vous proposez des activit\u00e9s h\u00e9berg\u00e9es dans la maison de quartier, vous devez les inscrire via le formulaire d\u00e9di\u00e9, renseigner <strong>tous les ans<\/strong> un<strong> contrat d&rsquo;occupation des salles<\/strong> (<a href=\"https:\/\/quartier-pouvourville.fr\/web\/wp-content\/uploads\/2025\/09\/Contrat-doccupation-des-salles.pdf\">Contrat d&rsquo;occupation des salles<\/a>) et fournir une <strong>attestation d&rsquo;assurance<\/strong>.<\/p>\n<p><strong>Pour finaliser votre adh\u00e9sion<\/strong> pour la saison, merci de r\u00e9gler votre cotisation par <strong>virement bancaire.<\/strong><\/p>\n<p>___________________________________________________________________________________________________________________<\/p>\n\n<div class=\"wpcf7 no-js\" id=\"wpcf7-f63776-o1\" lang=\"fr-FR\" dir=\"ltr\" data-wpcf7-id=\"63776\">\n<div class=\"screen-reader-response\"><p role=\"status\" aria-live=\"polite\" aria-atomic=\"true\"><\/p> <ul><\/ul><\/div>\n<form action=\"\/web\/wp-json\/wp\/v2\/pages\/63792#wpcf7-f63776-o1\" method=\"post\" class=\"wpcf7-form init\" aria-label=\"Formulaire de contact\" novalidate=\"novalidate\" data-status=\"init\">\n<fieldset class=\"hidden-fields-container\"><input type=\"hidden\" name=\"_wpcf7\" value=\"63776\" \/><input type=\"hidden\" name=\"_wpcf7_version\" value=\"6.1.5\" \/><input type=\"hidden\" name=\"_wpcf7_locale\" value=\"fr_FR\" \/><input type=\"hidden\" name=\"_wpcf7_unit_tag\" value=\"wpcf7-f63776-o1\" \/><input type=\"hidden\" name=\"_wpcf7_container_post\" value=\"0\" \/><input type=\"hidden\" name=\"_wpcf7_posted_data_hash\" value=\"\" \/><input type=\"hidden\" name=\"_wpcf7_recaptcha_response\" value=\"\" \/>\n<\/fieldset>\n<p><label> Votre nom (obligatoire) : <span class=\"wpcf7-form-control-wrap\" data-name=\"your-name\"><input size=\"40\" maxlength=\"400\" class=\"wpcf7-form-control wpcf7-text wpcf7-validates-as-required\" aria-required=\"true\" aria-invalid=\"false\" value=\"\" type=\"text\" name=\"your-name\" \/><\/span> <\/label><br \/>\n<label> Votre adresse de messagerie (obligatoire) : <span class=\"wpcf7-form-control-wrap\" data-name=\"your-email\"><input size=\"40\" maxlength=\"400\" class=\"wpcf7-form-control wpcf7-email wpcf7-validates-as-required wpcf7-text wpcf7-validates-as-email\" aria-required=\"true\" aria-invalid=\"false\" value=\"\" type=\"email\" name=\"your-email\" \/><\/span> <\/label><br \/>\n<label> Nom de l'association : <span class=\"wpcf7-form-control-wrap\" data-name=\"nom_asso\"><input size=\"40\" maxlength=\"400\" class=\"wpcf7-form-control wpcf7-text wpcf7-validates-as-required\" aria-required=\"true\" aria-invalid=\"false\" value=\"\" type=\"text\" name=\"nom_asso\" \/><\/span> <\/label><br \/>\n<label> Num\u00e9ro SIRET (ou RNA) : <span class=\"wpcf7-form-control-wrap\" data-name=\"siret_asso\"><input size=\"40\" maxlength=\"400\" class=\"wpcf7-form-control wpcf7-text\" aria-invalid=\"false\" value=\"\" type=\"text\" name=\"siret_asso\" \/><\/span> <\/label><br \/>\n<label> Pr\u00e9sident de l'association : <span class=\"wpcf7-form-control-wrap\" data-name=\"president\"><input size=\"40\" maxlength=\"400\" class=\"wpcf7-form-control wpcf7-text wpcf7-validates-as-required\" aria-required=\"true\" aria-invalid=\"false\" value=\"\" type=\"text\" name=\"president\" \/><\/span> <\/label><br \/>\n<label> Adresse mail de l'association : <span class=\"wpcf7-form-control-wrap\" data-name=\"mail_asso\"><input size=\"40\" maxlength=\"400\" class=\"wpcf7-form-control wpcf7-email wpcf7-validates-as-required wpcf7-text wpcf7-validates-as-email\" aria-required=\"true\" aria-invalid=\"false\" value=\"\" type=\"email\" name=\"mail_asso\" \/><\/span> <\/label><br \/>\n<label> T\u00e9l\u00e9phone de l'association : <span class=\"wpcf7-form-control-wrap\" data-name=\"tel_asso\"><input size=\"40\" maxlength=\"400\" class=\"wpcf7-form-control wpcf7-tel wpcf7-text wpcf7-validates-as-tel\" aria-invalid=\"false\" value=\"\" type=\"tel\" name=\"tel_asso\" \/><\/span> <\/label><br \/>\n<label> Site Internet : <span class=\"wpcf7-form-control-wrap\" data-name=\"site_web\"><input size=\"40\" maxlength=\"400\" class=\"wpcf7-form-control wpcf7-text\" aria-invalid=\"false\" value=\"\" type=\"text\" name=\"site_web\" \/><\/span> <\/label><br \/>\n<label> Adresse postale : <span class=\"wpcf7-form-control-wrap\" data-name=\"adresse_asso\"><input size=\"40\" maxlength=\"400\" class=\"wpcf7-form-control wpcf7-text wpcf7-validates-as-required\" aria-required=\"true\" aria-invalid=\"false\" value=\"\" type=\"text\" name=\"adresse_asso\" \/><\/span> <\/label><br \/>\n<label> Code postal : <span class=\"wpcf7-form-control-wrap\" data-name=\"code_postal_asso\"><input size=\"40\" maxlength=\"400\" class=\"wpcf7-form-control wpcf7-text wpcf7-validates-as-required\" aria-required=\"true\" aria-invalid=\"false\" value=\"\" type=\"text\" name=\"code_postal_asso\" \/><\/span> <\/label><br \/>\n<label> Ville : <span class=\"wpcf7-form-control-wrap\" data-name=\"ville_asso\"><input size=\"40\" maxlength=\"400\" class=\"wpcf7-form-control wpcf7-text wpcf7-validates-as-required\" aria-required=\"true\" aria-invalid=\"false\" value=\"\" type=\"text\" name=\"ville_asso\" \/><\/span> <\/label><br \/>\n<label> Personne contact : <span class=\"wpcf7-form-control-wrap\" data-name=\"contact\"><input size=\"40\" maxlength=\"400\" class=\"wpcf7-form-control wpcf7-text wpcf7-validates-as-required\" aria-required=\"true\" aria-invalid=\"false\" value=\"\" type=\"text\" name=\"contact\" \/><\/span> <\/label><br \/>\n<label> Adresse mail du contact : <span class=\"wpcf7-form-control-wrap\" data-name=\"mail_contact\"><input size=\"40\" maxlength=\"400\" class=\"wpcf7-form-control wpcf7-email wpcf7-validates-as-required wpcf7-text wpcf7-validates-as-email\" aria-required=\"true\" aria-invalid=\"false\" value=\"\" type=\"email\" name=\"mail_contact\" \/><\/span> <\/label><br \/>\n<label> T\u00e9l\u00e9phone contact : <span class=\"wpcf7-form-control-wrap\" data-name=\"tel_contact\"><input size=\"40\" maxlength=\"400\" class=\"wpcf7-form-control wpcf7-tel wpcf7-validates-as-required wpcf7-text wpcf7-validates-as-tel\" aria-required=\"true\" aria-invalid=\"false\" value=\"\" type=\"tel\" name=\"tel_contact\" \/><\/span> <\/label><br \/>\n<input class=\"wpcf7-form-control wpcf7-submit has-spinner\" type=\"submit\" value=\"Envoyer\" \/>\n<\/p><p style=\"display: none !important;\" class=\"akismet-fields-container\" data-prefix=\"_wpcf7_ak_\"><label>&#916;<textarea name=\"_wpcf7_ak_hp_textarea\" cols=\"45\" rows=\"8\" maxlength=\"100\"><\/textarea><\/label><input type=\"hidden\" id=\"ak_js_1\" name=\"_wpcf7_ak_js\" value=\"157\"\/><script>\ndocument.getElementById( \"ak_js_1\" ).setAttribute( \"value\", ( new Date() ).getTime() );\n<\/script>\n<\/p><div class=\"wpcf7-response-output\" aria-hidden=\"true\"><\/div>\n<\/form>\n<\/div>\n\n<p>&nbsp;<\/p>\n<p>&nbsp;<\/p>\n","protected":false},"excerpt":{"rendered":"<p>Vous devez renseigner ce formulaire lors de la 1\u00e8re inscription de votre association au CQSLP ou lorsque les informations concernant l&rsquo;association ont chang\u00e9. Si vous proposez des activit\u00e9s h\u00e9berg\u00e9es dans la maison de quartier, vous devez les inscrire via le formulaire d\u00e9di\u00e9, renseigner tous les ans un contrat d&rsquo;occupation des salles (Contrat d&rsquo;occupation des salles) [&hellip;]<\/p>\n","protected":false},"author":11,"featured_media":0,"parent":0,"menu_order":0,"comment_status":"closed","ping_status":"closed","template":"","meta":{"_acf_changed":false,"_lmt_disableupdate":"no","_lmt_disable":"","cybocfi_hide_featured_image":"","footnotes":""},"folder":[316],"class_list":["post-63792","page","type-page","status-publish","hentry"],"blocksy_meta":[],"acf":[],"_links":{"self":[{"href":"https:\/\/quartier-pouvourville.fr\/web\/wp-json\/wp\/v2\/pages\/63792","targetHints":{"allow":["GET"]}}],"collection":[{"href":"https:\/\/quartier-pouvourville.fr\/web\/wp-json\/wp\/v2\/pages"}],"about":[{"href":"https:\/\/quartier-pouvourville.fr\/web\/wp-json\/wp\/v2\/types\/page"}],"author":[{"embeddable":true,"href":"https:\/\/quartier-pouvourville.fr\/web\/wp-json\/wp\/v2\/users\/11"}],"replies":[{"embeddable":true,"href":"https:\/\/quartier-pouvourville.fr\/web\/wp-json\/wp\/v2\/comments?post=63792"}],"version-history":[{"count":5,"href":"https:\/\/quartier-pouvourville.fr\/web\/wp-json\/wp\/v2\/pages\/63792\/revisions"}],"predecessor-version":[{"id":66448,"href":"https:\/\/quartier-pouvourville.fr\/web\/wp-json\/wp\/v2\/pages\/63792\/revisions\/66448"}],"wp:attachment":[{"href":"https:\/\/quartier-pouvourville.fr\/web\/wp-json\/wp\/v2\/media?parent=63792"}],"wp:term":[{"taxonomy":"folder","embeddable":true,"href":"https:\/\/quartier-pouvourville.fr\/web\/wp-json\/wp\/v2\/folder?post=63792"}],"curies":[{"name":"wp","href":"https:\/\/api.w.org\/{rel}","templated":true}]}}