{"id":64719,"date":"2025-06-01T07:30:40","date_gmt":"2025-06-01T06:30:40","guid":{"rendered":"https:\/\/quartier-pouvourville.fr\/web\/?page_id=64719"},"modified":"2026-03-31T15:20:47","modified_gmt":"2026-03-31T14:20:47","slug":"planning-des-activites","status":"publish","type":"page","link":"https:\/\/quartier-pouvourville.fr\/web\/planning-des-activites\/","title":{"rendered":"Planning des activit\u00e9s"},"content":{"rendered":"<p style=\"text-align: left;\"><span style=\"color: #008080;\">********************************************************************************<\/span><\/p>\r\n<h4><strong>Planning hebdomadaire pour la saison 2025-2026<\/strong> : <a href=\"https:\/\/quartier-pouvourville.fr\/web\/wp-content\/uploads\/2026\/01\/EDT_200126.pdf\" target=\"_blank\" rel=\"noopener\">EDT_200126<\/a><\/h4>\r\n<h4><!-- \/wp:post-content -->\r\n\r\n<!-- wp:paragraph --><\/h4>\r\n<h4><strong>Planning\u00a0 des week-ends 2025-2026 <\/strong>: <a href=\"https:\/\/quartier-pouvourville.fr\/web\/wp-content\/uploads\/2026\/03\/ResaWE_310326.pdf\" target=\"_blank\" rel=\"noopener\">R\u00e9saWE_310326<\/a><\/h4>\r\n<h4><!-- \/wp:paragraph -->\r\n\r\n<!-- wp:paragraph --><\/h4>\r\n<p><span style=\"color: #008080;\">********************************************************************************<\/span><\/p>\r\n<p><em>Les plannings sont mis \u00e0 jour d\u00e8s qu&rsquo;une modification intervient&#8230;<\/em><\/p>\r\n<!-- \/wp:paragraph -->","protected":false},"excerpt":{"rendered":"<p>******************************************************************************** Planning hebdomadaire pour la saison 2025-2026 : EDT_200126 Planning\u00a0 des week-ends 2025-2026 : R\u00e9saWE_310326 ******************************************************************************** Les plannings sont mis \u00e0 jour d\u00e8s qu&rsquo;une modification intervient&#8230;<\/p>\n","protected":false},"author":11,"featured_media":0,"parent":0,"menu_order":0,"comment_status":"closed","ping_status":"closed","template":"","meta":{"_acf_changed":false,"_lmt_disableupdate":"no","_lmt_disable":"","cybocfi_hide_featured_image":"","footnotes":""},"folder":[315],"class_list":["post-64719","page","type-page","status-publish","hentry"],"blocksy_meta":[],"acf":[],"_links":{"self":[{"href":"https:\/\/quartier-pouvourville.fr\/web\/wp-json\/wp\/v2\/pages\/64719","targetHints":{"allow":["GET"]}}],"collection":[{"href":"https:\/\/quartier-pouvourville.fr\/web\/wp-json\/wp\/v2\/pages"}],"about":[{"href":"https:\/\/quartier-pouvourville.fr\/web\/wp-json\/wp\/v2\/types\/page"}],"author":[{"embeddable":true,"href":"https:\/\/quartier-pouvourville.fr\/web\/wp-json\/wp\/v2\/users\/11"}],"replies":[{"embeddable":true,"href":"https:\/\/quartier-pouvourville.fr\/web\/wp-json\/wp\/v2\/comments?post=64719"}],"version-history":[{"count":33,"href":"https:\/\/quartier-pouvourville.fr\/web\/wp-json\/wp\/v2\/pages\/64719\/revisions"}],"predecessor-version":[{"id":68733,"href":"https:\/\/quartier-pouvourville.fr\/web\/wp-json\/wp\/v2\/pages\/64719\/revisions\/68733"}],"wp:attachment":[{"href":"https:\/\/quartier-pouvourville.fr\/web\/wp-json\/wp\/v2\/media?parent=64719"}],"wp:term":[{"taxonomy":"folder","embeddable":true,"href":"https:\/\/quartier-pouvourville.fr\/web\/wp-json\/wp\/v2\/folder?post=64719"}],"curies":[{"name":"wp","href":"https:\/\/api.w.org\/{rel}","templated":true}]}}