{"id":64748,"date":"2025-06-01T08:36:38","date_gmt":"2025-06-01T07:36:38","guid":{"rendered":"https:\/\/quartier-pouvourville.fr\/web\/?page_id=64748"},"modified":"2025-06-01T08:36:38","modified_gmt":"2025-06-01T07:36:38","slug":"la-petite-histoire-du-bus-54","status":"publish","type":"page","link":"https:\/\/quartier-pouvourville.fr\/web\/la-petite-histoire-du-bus-54\/","title":{"rendered":"La petite histoire du bus 54"},"content":{"rendered":"<p><img loading=\"lazy\" decoding=\"async\" class=\"size-full wp-image-1413 aligncenter\" src=\"https:\/\/quartier-pouvourville.fr\/web\/wp-content\/uploads\/2017\/02\/place-eglise.jpg\" alt=\"\" width=\"799\" height=\"600\" srcset=\"https:\/\/quartier-pouvourville.fr\/web\/wp-content\/uploads\/2017\/02\/place-eglise.jpg 799w, https:\/\/quartier-pouvourville.fr\/web\/wp-content\/uploads\/2017\/02\/place-eglise-300x225.jpg 300w, https:\/\/quartier-pouvourville.fr\/web\/wp-content\/uploads\/2017\/02\/place-eglise-768x577.jpg 768w\" sizes=\"auto, (max-width: 799px) 100vw, 799px\" \/><\/p>\n<p>&nbsp;<\/p>\n<h2><span style=\"color: #339966;\"><strong>La petite histoire des transports en commun dans le quartier<\/strong><\/span><\/h2>\n<p>La ligne 54, Capitole-Pouvourville, a \u00e9t\u00e9 cr\u00e9\u00e9e en deux \u00e9tapes.<\/p>\n<p>Une premi\u00e8re ligne jumel\u00e9e avec Rangueil appel\u00e9e 24\/54 a \u00e9t\u00e9 mise en place le 15 mai 1950.<\/p>\n<p>Ensuite, compte tenu du nombre croissant d\u2019usagers, le 15 juin 1953 la STCRT mit en service la ligne 54 directe depuis la place du Capitole jusqu\u2019\u00e0 Pouvourville en passant par St Michel, Jules Julien et le chemin de la Salade Ponsan.<\/p>\n<p>Deux personnages folkloriques avaient \u00e9t\u00e9 affect\u00e9s \u00e0 cette ligne\u00a0: Le premier, Mr Lasvigne, chauffeur qui conduisait ce car avec beaucoup de d\u00e9licatesse et pr\u00e9caution et le second, Mr Desbat, receveur tr\u00e8s nerveux, toujours assis dans sa \u00ab\u00a0cage\u00a0\u00bb au fond du bus, tr\u00e8s attach\u00e9 au maintien de l\u2019ordre dans ce \u00ab\u00a0sanctuaire\u00a0\u00bb et qui n\u2019h\u00e9sitait pas \u00e0 prendre des mesures de coercition vis-\u00e0-vis des r\u00e9calcitrants, surtout parmi les jeunes.<\/p>\n<p>C\u2019est comme cela qu\u2019un jour de grand froid nous avons effectu\u00e9 tout le parcours depuis la place du Capitole avec la porte arri\u00e8re ouverte apr\u00e8s l\u2019envoi d\u2019une boule puante dans l\u2019habitacle\u2026\u00a0!<\/p>\n<p>Ces deux Messieurs d\u2019un certain \u00e2ge \u00e0 cette \u00e9poque n\u2019h\u00e9sitaient pas \u00e0 jouer aux billes avec les enfants sur la place de l\u2019\u00e9glise pendant la pause de midi et demi \u00e0 treize heures trente.<\/p>\n<p>Lorsque des habitants sur la place n\u2019arrivaient pas, le bus klaxonnait pour leur rappeler que l\u2019heure \u00e9tait pass\u00e9e.<\/p>\n<p>Je ne parlerai pas des jours de neige o\u00f9 cet engin ne pouvait monter la cote et nous laissait \u00e0 Bellevue, ce qui nous permettait de bonnes glissades et des bagarres de boules de neige. La mairie \u00e0 l\u2019\u00e9poque n\u2019\u00e9tait pas \u00e9quip\u00e9e en chasse neige et en mat\u00e9riel de sablage des routes.<\/p>\n<p>Quant aux autres jours, il nous semblait que lors du changement de vitesse de seconde en premi\u00e8re \u00e0 moiti\u00e9 c\u00f4te,\u00a0 les bielles allaient traverser le plancher, compte tenu du bruit lors de cette op\u00e9ration.<\/p>\n<p>Tout le monde se connaissait et l\u2019on \u00e9tait au courant de tout ce qui se passait non seulement \u00e0 Pouvourville mais sur tous les coteaux de Pech-David. Il n\u2019y avait que deux rotations le matin, une \u00e0 midi et demi et la derni\u00e8re le soir \u00e0 six heures et demi. Tout ce petit monde se retrouvait pour un trajet qui durait une bonne demi-heure, ce qui permettait \u00e0 chacun de commenter les \u00ab\u00a0nouvelles\u00a0\u00bb du quartier.<\/p>\n<p>Il y avait des habitu\u00e9s que l\u2019on retrouvait tous les jours, matin et soir et qui animaient la vie de cette ligne par leurs commentaires et leurs histoires.<\/p>\n<p>Bien s\u00fbr, elle existe toujours, mais avec des moyens modernes, des rotations plus fr\u00e9quentes et des voitures plus confortables et c\u2019est tant mieux.<\/p>\n<p>Le folklore c\u2019est pour les souvenirs d\u2019une \u00e9poque que l\u2019on a appr\u00e9ci\u00e9e pour son \u00e9volution et dont nous sommes les t\u00e9moins.<\/p>\n<p><a href=\"http:\/\/quartier-pouvourville.fr\/web\/wp-content\/uploads\/2016\/09\/bus54pouvourville.jpg\" data-rel=\"lightbox-image-0\" data-rl_title=\"\" data-rl_caption=\"\" title=\"\"><img loading=\"lazy\" decoding=\"async\" class=\"alignnone size-full wp-image-1230\" src=\"http:\/\/quartier-pouvourville.fr\/web\/wp-content\/uploads\/2016\/09\/bus54pouvourville.jpg\" alt=\"bus54pouvourville\" width=\"432\" height=\"283\" \/><\/a><\/p>\n<p><strong>\u00a0<\/strong><\/p>\n","protected":false},"excerpt":{"rendered":"<p>&nbsp; La petite histoire des transports en commun dans le quartier La ligne 54, Capitole-Pouvourville, a \u00e9t\u00e9 cr\u00e9\u00e9e en deux \u00e9tapes. Une premi\u00e8re ligne jumel\u00e9e avec Rangueil appel\u00e9e 24\/54 a \u00e9t\u00e9 mise en place le 15 mai 1950. Ensuite, compte tenu du nombre croissant d\u2019usagers, le 15 juin 1953 la STCRT mit en service la [&hellip;]<\/p>\n","protected":false},"author":11,"featured_media":0,"parent":0,"menu_order":0,"comment_status":"closed","ping_status":"closed","template":"","meta":{"_acf_changed":false,"_lmt_disableupdate":"no","_lmt_disable":"","cybocfi_hide_featured_image":"","footnotes":""},"folder":[315],"class_list":["post-64748","page","type-page","status-publish","hentry"],"blocksy_meta":[],"acf":[],"_links":{"self":[{"href":"https:\/\/quartier-pouvourville.fr\/web\/wp-json\/wp\/v2\/pages\/64748","targetHints":{"allow":["GET"]}}],"collection":[{"href":"https:\/\/quartier-pouvourville.fr\/web\/wp-json\/wp\/v2\/pages"}],"about":[{"href":"https:\/\/quartier-pouvourville.fr\/web\/wp-json\/wp\/v2\/types\/page"}],"author":[{"embeddable":true,"href":"https:\/\/quartier-pouvourville.fr\/web\/wp-json\/wp\/v2\/users\/11"}],"replies":[{"embeddable":true,"href":"https:\/\/quartier-pouvourville.fr\/web\/wp-json\/wp\/v2\/comments?post=64748"}],"version-history":[{"count":0,"href":"https:\/\/quartier-pouvourville.fr\/web\/wp-json\/wp\/v2\/pages\/64748\/revisions"}],"wp:attachment":[{"href":"https:\/\/quartier-pouvourville.fr\/web\/wp-json\/wp\/v2\/media?parent=64748"}],"wp:term":[{"taxonomy":"folder","embeddable":true,"href":"https:\/\/quartier-pouvourville.fr\/web\/wp-json\/wp\/v2\/folder?post=64748"}],"curies":[{"name":"wp","href":"https:\/\/api.w.org\/{rel}","templated":true}]}}