{"id":64873,"date":"2025-06-04T16:32:37","date_gmt":"2025-06-04T15:32:37","guid":{"rendered":"https:\/\/quartier-pouvourville.fr\/web\/?page_id=64873"},"modified":"2026-02-14T11:16:49","modified_gmt":"2026-02-14T10:16:49","slug":"culturel-et-artistique","status":"publish","type":"page","link":"https:\/\/quartier-pouvourville.fr\/web\/culturel-et-artistique\/","title":{"rendered":"Activit\u00e9s culturelles et artistiques"},"content":{"rendered":"\n<p>Pour organiser les activit\u00e9s de la maison de quartier de Pouvourville, le CQSLP a choisi de ne pas g\u00e9rer directement les activit\u00e9s, sauf exception, mais d\u2019<strong>h\u00e9berger les activit\u00e9s d\u2019associations<\/strong> qui s\u2019associent au CQSLP et en deviennent membres. &nbsp;<\/p>\n\n\n\n<p>Vous trouverez dans cette page la description des activit\u00e9s propos\u00e9es ainsi que les coordonn\u00e9es des associations, ce qui vous permettra de les contacter pour vous inscrire aux activit\u00e9s qu&rsquo;elles proposent.<\/p>\n\n\n<style>.kb-posts-id-64873_87b9a3-7a .kb-post-list-item{display:grid;}<\/style><ul class=\"wp-block-kadence-posts kb-posts kadence-posts-list kb-posts-id-64873_87b9a3-7a content-wrap grid-cols kb-posts-style-boxed grid-sm-col-1 grid-lg-col-1 item-image-style-beside\"><li class=\"kb-post-list-item\">\n\t<article class=\"entry content-bg loop-entry post-64862 topo-asso type-topo-asso status-publish has-post-thumbnail hentry category-culturelle-artistique\">\n\t\t\t\t<a aria-hidden=\"true\" tabindex=\"-1\" role=\"presentation\" class=\"post-thumbnail kadence-thumbnail-ratio-3-4\" href=\"https:\/\/quartier-pouvourville.fr\/web\/topo-asso\/calligraphie\/\" aria-label=\"CQSLP-Calligraphie\">\n\t\t\t<div class=\"post-thumbnail-inner\">\n\t\t\t\t<img loading=\"lazy\" decoding=\"async\" width=\"1\" height=\"1\" src=\"https:\/\/quartier-pouvourville.fr\/web\/wp-content\/uploads\/2025\/06\/Calligraphie_rouge.jpg\" class=\"attachment-medium size-medium wp-post-image\" alt=\"CQSLP-Calligraphie\" \/>\t\t\t<\/div>\n\t\t<\/a><!-- .post-thumbnail -->\n\t\t\t\t<div class=\"entry-content-wrap\">\n\t\t\t<header class=\"entry-header\">\n\t<h2 class=\"entry-title\"><a href=\"https:\/\/quartier-pouvourville.fr\/web\/topo-asso\/calligraphie\/\" rel=\"bookmark\">CQSLP-Calligraphie<\/a><\/h2>\t<div class=\"entry-meta entry-meta-divider-dot\">\n\t\t\t\t<span class=\"posted-on\">\n\t\t\t\t<time class=\"entry-date published\" datetime=\"2025-06-04T15:45:07+01:00\">4 juin 2025<\/time><time class=\"updated\" datetime=\"2025-07-30T14:11:38+01:00\">30 juillet 2025<\/time>\t\t\t<\/span>\n\t\t\t\t<\/div><!-- .entry-meta -->\n\t<\/header><!-- .entry-header -->\n\t<div class=\"entry-summary\">\n\t\t<p>Anne SACRAMENTO vous propose un cours de calligraphie occidentale un dimanche apr\u00e8s-midi par mois d\u2019octobre \u00e0 juin.<br \/>\n*** C\u2019est quoi la calligraphie occidentale ?<\/p>\n\t<\/div><!-- .entry-summary -->\n\t<footer class=\"entry-footer\">\n\t\t\t<div class=\"entry-actions\">\n\t\t\t<p class=\"more-link-wrap\">\n\t\t\t\t<a href=\"https:\/\/quartier-pouvourville.fr\/web\/topo-asso\/calligraphie\/\" class=\"post-more-link\">\n\t\t\t\t\tLire la suite<span class=\"screen-reader-text\"> CQSLP-Calligraphie<\/span><span class=\"kadence-svg-iconset svg-baseline\"><svg aria-hidden=\"true\" class=\"kadence-svg-icon kadence-arrow-right-alt-svg\" fill=\"currentColor\" version=\"1.1\" xmlns=\"http:\/\/www.w3.org\/2000\/svg\" width=\"27\" height=\"28\" viewBox=\"0 0 27 28\"><title>Continuer<\/title><path d=\"M27 13.953c0 0.141-0.063 0.281-0.156 0.375l-6 5.531c-0.156 0.141-0.359 0.172-0.547 0.094-0.172-0.078-0.297-0.25-0.297-0.453v-3.5h-19.5c-0.281 0-0.5-0.219-0.5-0.5v-3c0-0.281 0.219-0.5 0.5-0.5h19.5v-3.5c0-0.203 0.109-0.375 0.297-0.453s0.391-0.047 0.547 0.078l6 5.469c0.094 0.094 0.156 0.219 0.156 0.359v0z\"><\/path>\n\t\t\t<\/svg><\/span>\t\t\t\t<\/a>\n\t\t\t<\/p>\n\t\t<\/div><!-- .entry-actions -->\n\t\t<\/footer><!-- .entry-footer -->\t\t<\/div>\n\t<\/article>\n<\/li>\n<li class=\"kb-post-list-item\">\n\t<article class=\"entry content-bg loop-entry post-64937 topo-asso type-topo-asso status-publish has-post-thumbnail hentry category-culturelle-artistique\">\n\t\t\t\t<a aria-hidden=\"true\" tabindex=\"-1\" role=\"presentation\" class=\"post-thumbnail kadence-thumbnail-ratio-3-4\" href=\"https:\/\/quartier-pouvourville.fr\/web\/topo-asso\/64937\/\" aria-label=\"Harmony Tolosane\">\n\t\t\t<div class=\"post-thumbnail-inner\">\n\t\t\t\t<img loading=\"lazy\" decoding=\"async\" width=\"200\" height=\"300\" src=\"https:\/\/quartier-pouvourville.fr\/web\/wp-content\/uploads\/2025\/06\/Guitare-ProjetWeb-01-200x300.jpeg\" class=\"attachment-medium size-medium wp-post-image\" alt=\"Harmony Tolosane\" srcset=\"https:\/\/quartier-pouvourville.fr\/web\/wp-content\/uploads\/2025\/06\/Guitare-ProjetWeb-01-200x300.jpeg 200w, https:\/\/quartier-pouvourville.fr\/web\/wp-content\/uploads\/2025\/06\/Guitare-ProjetWeb-01-683x1024.jpeg 683w, https:\/\/quartier-pouvourville.fr\/web\/wp-content\/uploads\/2025\/06\/Guitare-ProjetWeb-01-768x1152.jpeg 768w, https:\/\/quartier-pouvourville.fr\/web\/wp-content\/uploads\/2025\/06\/Guitare-ProjetWeb-01-1024x1536.jpeg 1024w, https:\/\/quartier-pouvourville.fr\/web\/wp-content\/uploads\/2025\/06\/Guitare-ProjetWeb-01-1365x2048.jpeg 1365w, https:\/\/quartier-pouvourville.fr\/web\/wp-content\/uploads\/2025\/06\/Guitare-ProjetWeb-01-1320x1980.jpeg 1320w, https:\/\/quartier-pouvourville.fr\/web\/wp-content\/uploads\/2025\/06\/Guitare-ProjetWeb-01-scaled.jpeg 1707w\" sizes=\"auto, (max-width: 200px) 100vw, 200px\" \/>\t\t\t<\/div>\n\t\t<\/a><!-- .post-thumbnail -->\n\t\t\t\t<div class=\"entry-content-wrap\">\n\t\t\t<header class=\"entry-header\">\n\t<h2 class=\"entry-title\"><a href=\"https:\/\/quartier-pouvourville.fr\/web\/topo-asso\/64937\/\" rel=\"bookmark\">Harmony Tolosane<\/a><\/h2>\t<div class=\"entry-meta entry-meta-divider-dot\">\n\t\t\t\t<span class=\"posted-on\">\n\t\t\t\t<time class=\"entry-date published\" datetime=\"2025-06-06T07:58:17+01:00\">6 juin 2025<\/time><time class=\"updated\" datetime=\"2025-07-30T14:14:33+01:00\">30 juillet 2025<\/time>\t\t\t<\/span>\n\t\t\t\t<\/div><!-- .entry-meta -->\n\t<\/header><!-- .entry-header -->\n\t<div class=\"entry-summary\">\n\t\t<p>L\u2019association Harmony tolosane propose des cours de guitare accoustique ou \u00e9lectrique, tous styles, du classique en passant par la pop, le rock, le blues, le jazz..\u00a0<br \/>\nLes cours sont ouverts \u00e0 tous \u00e0 partir de 7 ans. Les cours peuvent se d\u00e9rouler seul ou en petit groupe de 3 ou 4 personnes de m\u00eame niveau et de m\u00eame \u00e2ge. Ils ont lieu \u00e0 Pouvourville le lundi,\u00a0 jeudi et vendredi entre 15h30 et 20h30, \u00e0 la salle annexe de la maison de quartier de Pouourville (75 rue de fondeville 31400 Toulouse).<\/p>\n\t<\/div><!-- .entry-summary -->\n\t<footer class=\"entry-footer\">\n\t\t\t<div class=\"entry-actions\">\n\t\t\t<p class=\"more-link-wrap\">\n\t\t\t\t<a href=\"https:\/\/quartier-pouvourville.fr\/web\/topo-asso\/64937\/\" class=\"post-more-link\">\n\t\t\t\t\tLire la suite<span class=\"screen-reader-text\"> Harmony Tolosane<\/span><span class=\"kadence-svg-iconset svg-baseline\"><svg aria-hidden=\"true\" class=\"kadence-svg-icon kadence-arrow-right-alt-svg\" fill=\"currentColor\" version=\"1.1\" xmlns=\"http:\/\/www.w3.org\/2000\/svg\" width=\"27\" height=\"28\" viewBox=\"0 0 27 28\"><title>Continuer<\/title><path d=\"M27 13.953c0 0.141-0.063 0.281-0.156 0.375l-6 5.531c-0.156 0.141-0.359 0.172-0.547 0.094-0.172-0.078-0.297-0.25-0.297-0.453v-3.5h-19.5c-0.281 0-0.5-0.219-0.5-0.5v-3c0-0.281 0.219-0.5 0.5-0.5h19.5v-3.5c0-0.203 0.109-0.375 0.297-0.453s0.391-0.047 0.547 0.078l6 5.469c0.094 0.094 0.156 0.219 0.156 0.359v0z\"><\/path>\n\t\t\t<\/svg><\/span>\t\t\t\t<\/a>\n\t\t\t<\/p>\n\t\t<\/div><!-- .entry-actions -->\n\t\t<\/footer><!-- .entry-footer -->\t\t<\/div>\n\t<\/article>\n<\/li>\n<li class=\"kb-post-list-item\">\n\t<article class=\"entry content-bg loop-entry post-65950 topo-asso type-topo-asso status-publish has-post-thumbnail hentry category-culturelle-artistique\">\n\t\t\t\t<a aria-hidden=\"true\" tabindex=\"-1\" role=\"presentation\" class=\"post-thumbnail kadence-thumbnail-ratio-3-4\" href=\"https:\/\/quartier-pouvourville.fr\/web\/topo-asso\/langues-et-merveilles\/\" aria-label=\"Langues et Merveilles\">\n\t\t\t<div class=\"post-thumbnail-inner\">\n\t\t\t\t<img loading=\"lazy\" decoding=\"async\" width=\"300\" height=\"188\" src=\"https:\/\/quartier-pouvourville.fr\/web\/wp-content\/uploads\/2024\/02\/090467c5ac_50168321_drapeau-angleterre-lidiia-adobe-stock-3820945546-300x188.jpg\" class=\"attachment-medium size-medium wp-post-image\" alt=\"Langues et Merveilles\" srcset=\"https:\/\/quartier-pouvourville.fr\/web\/wp-content\/uploads\/2024\/02\/090467c5ac_50168321_drapeau-angleterre-lidiia-adobe-stock-3820945546-300x188.jpg 300w, https:\/\/quartier-pouvourville.fr\/web\/wp-content\/uploads\/2024\/02\/090467c5ac_50168321_drapeau-angleterre-lidiia-adobe-stock-3820945546-1024x640.jpg 1024w, https:\/\/quartier-pouvourville.fr\/web\/wp-content\/uploads\/2024\/02\/090467c5ac_50168321_drapeau-angleterre-lidiia-adobe-stock-3820945546-768x480.jpg 768w, https:\/\/quartier-pouvourville.fr\/web\/wp-content\/uploads\/2024\/02\/090467c5ac_50168321_drapeau-angleterre-lidiia-adobe-stock-3820945546-1536x960.jpg 1536w, https:\/\/quartier-pouvourville.fr\/web\/wp-content\/uploads\/2024\/02\/090467c5ac_50168321_drapeau-angleterre-lidiia-adobe-stock-3820945546-1320x825.jpg 1320w, https:\/\/quartier-pouvourville.fr\/web\/wp-content\/uploads\/2024\/02\/090467c5ac_50168321_drapeau-angleterre-lidiia-adobe-stock-3820945546.jpg 1800w\" sizes=\"auto, (max-width: 300px) 100vw, 300px\" \/>\t\t\t<\/div>\n\t\t<\/a><!-- .post-thumbnail -->\n\t\t\t\t<div class=\"entry-content-wrap\">\n\t\t\t<header class=\"entry-header\">\n\t<h2 class=\"entry-title\"><a href=\"https:\/\/quartier-pouvourville.fr\/web\/topo-asso\/langues-et-merveilles\/\" rel=\"bookmark\">Langues et Merveilles<\/a><\/h2>\t<div class=\"entry-meta entry-meta-divider-dot\">\n\t\t\t\t<span class=\"posted-on\">\n\t\t\t\t<time class=\"entry-date published\" datetime=\"2025-07-31T16:47:21+01:00\">31 juillet 2025<\/time><time class=\"updated\" datetime=\"2025-07-31T17:03:06+01:00\">31 juillet 2025<\/time>\t\t\t<\/span>\n\t\t\t\t<\/div><!-- .entry-meta -->\n\t<\/header><!-- .entry-header -->\n\t<div class=\"entry-summary\">\n\t\t<p>Langues et Merveilles vous propose un apprentissage de la langue anglaise le mardi de 16h \u00e0 18h45 ou le mercredi de 10h \u00e0 13h30 et de 14h15 \u00e0 16<br \/>\nContact : Georgina Griffiths, georgina.griffiths23@gmail.com<\/p>\n\t<\/div><!-- .entry-summary -->\n\t<footer class=\"entry-footer\">\n\t\t\t<div class=\"entry-actions\">\n\t\t\t<p class=\"more-link-wrap\">\n\t\t\t\t<a href=\"https:\/\/quartier-pouvourville.fr\/web\/topo-asso\/langues-et-merveilles\/\" class=\"post-more-link\">\n\t\t\t\t\tLire la suite<span class=\"screen-reader-text\"> Langues et Merveilles<\/span><span class=\"kadence-svg-iconset svg-baseline\"><svg aria-hidden=\"true\" class=\"kadence-svg-icon kadence-arrow-right-alt-svg\" fill=\"currentColor\" version=\"1.1\" xmlns=\"http:\/\/www.w3.org\/2000\/svg\" width=\"27\" height=\"28\" viewBox=\"0 0 27 28\"><title>Continuer<\/title><path d=\"M27 13.953c0 0.141-0.063 0.281-0.156 0.375l-6 5.531c-0.156 0.141-0.359 0.172-0.547 0.094-0.172-0.078-0.297-0.25-0.297-0.453v-3.5h-19.5c-0.281 0-0.5-0.219-0.5-0.5v-3c0-0.281 0.219-0.5 0.5-0.5h19.5v-3.5c0-0.203 0.109-0.375 0.297-0.453s0.391-0.047 0.547 0.078l6 5.469c0.094 0.094 0.156 0.219 0.156 0.359v0z\"><\/path>\n\t\t\t<\/svg><\/span>\t\t\t\t<\/a>\n\t\t\t<\/p>\n\t\t<\/div><!-- .entry-actions -->\n\t\t<\/footer><!-- .entry-footer -->\t\t<\/div>\n\t<\/article>\n<\/li>\n<li class=\"kb-post-list-item\">\n\t<article class=\"entry content-bg loop-entry post-64884 topo-asso type-topo-asso status-publish has-post-thumbnail hentry category-culturelle-artistique\">\n\t\t\t\t<a aria-hidden=\"true\" tabindex=\"-1\" role=\"presentation\" class=\"post-thumbnail kadence-thumbnail-ratio-3-4\" href=\"https:\/\/quartier-pouvourville.fr\/web\/topo-asso\/kuru-du-clown\/\" aria-label=\"Le Kuru du clown\">\n\t\t\t<div class=\"post-thumbnail-inner\">\n\t\t\t\t<img loading=\"lazy\" decoding=\"async\" width=\"300\" height=\"212\" src=\"https:\/\/quartier-pouvourville.fr\/web\/wp-content\/uploads\/2025\/06\/Affiche-Labo-Weekend-Clown-Sensible-a-Pouvourville-1-300x212.jpg\" class=\"attachment-medium size-medium wp-post-image\" alt=\"Le Kuru du clown\" srcset=\"https:\/\/quartier-pouvourville.fr\/web\/wp-content\/uploads\/2025\/06\/Affiche-Labo-Weekend-Clown-Sensible-a-Pouvourville-1-300x212.jpg 300w, https:\/\/quartier-pouvourville.fr\/web\/wp-content\/uploads\/2025\/06\/Affiche-Labo-Weekend-Clown-Sensible-a-Pouvourville-1-1024x724.jpg 1024w, https:\/\/quartier-pouvourville.fr\/web\/wp-content\/uploads\/2025\/06\/Affiche-Labo-Weekend-Clown-Sensible-a-Pouvourville-1-768x543.jpg 768w, https:\/\/quartier-pouvourville.fr\/web\/wp-content\/uploads\/2025\/06\/Affiche-Labo-Weekend-Clown-Sensible-a-Pouvourville-1-1536x1085.jpg 1536w, https:\/\/quartier-pouvourville.fr\/web\/wp-content\/uploads\/2025\/06\/Affiche-Labo-Weekend-Clown-Sensible-a-Pouvourville-1-2048x1447.jpg 2048w, https:\/\/quartier-pouvourville.fr\/web\/wp-content\/uploads\/2025\/06\/Affiche-Labo-Weekend-Clown-Sensible-a-Pouvourville-1-1320x933.jpg 1320w\" sizes=\"auto, (max-width: 300px) 100vw, 300px\" \/>\t\t\t<\/div>\n\t\t<\/a><!-- .post-thumbnail -->\n\t\t\t\t<div class=\"entry-content-wrap\">\n\t\t\t<header class=\"entry-header\">\n\t<h2 class=\"entry-title\"><a href=\"https:\/\/quartier-pouvourville.fr\/web\/topo-asso\/kuru-du-clown\/\" rel=\"bookmark\">Le Kuru du clown<\/a><\/h2>\t<div class=\"entry-meta entry-meta-divider-dot\">\n\t\t\t\t<span class=\"posted-on\">\n\t\t\t\t<time class=\"entry-date published\" datetime=\"2025-06-04T17:01:06+01:00\">4 juin 2025<\/time><time class=\"updated\" datetime=\"2025-07-26T14:13:24+01:00\">26 juillet 2025<\/time>\t\t\t<\/span>\n\t\t\t\t<\/div><!-- .entry-meta -->\n\t<\/header><!-- .entry-header -->\n\t<div class=\"entry-summary\">\n\t\t<p>Jonathan vous propose des week-ends labo, samedi de 9h-17h et dimanche 9h30-18h30, pour partir \u00e0 l\u2019aventure des intentions de jeu du clown (jeux en solo, en duo, en ch\u0153ur\u2026).<\/p>\n\t<\/div><!-- .entry-summary -->\n\t<footer class=\"entry-footer\">\n\t\t\t<div class=\"entry-actions\">\n\t\t\t<p class=\"more-link-wrap\">\n\t\t\t\t<a href=\"https:\/\/quartier-pouvourville.fr\/web\/topo-asso\/kuru-du-clown\/\" class=\"post-more-link\">\n\t\t\t\t\tLire la suite<span class=\"screen-reader-text\"> Le Kuru du clown<\/span><span class=\"kadence-svg-iconset svg-baseline\"><svg aria-hidden=\"true\" class=\"kadence-svg-icon kadence-arrow-right-alt-svg\" fill=\"currentColor\" version=\"1.1\" xmlns=\"http:\/\/www.w3.org\/2000\/svg\" width=\"27\" height=\"28\" viewBox=\"0 0 27 28\"><title>Continuer<\/title><path d=\"M27 13.953c0 0.141-0.063 0.281-0.156 0.375l-6 5.531c-0.156 0.141-0.359 0.172-0.547 0.094-0.172-0.078-0.297-0.25-0.297-0.453v-3.5h-19.5c-0.281 0-0.5-0.219-0.5-0.5v-3c0-0.281 0.219-0.5 0.5-0.5h19.5v-3.5c0-0.203 0.109-0.375 0.297-0.453s0.391-0.047 0.547 0.078l6 5.469c0.094 0.094 0.156 0.219 0.156 0.359v0z\"><\/path>\n\t\t\t<\/svg><\/span>\t\t\t\t<\/a>\n\t\t\t<\/p>\n\t\t<\/div><!-- .entry-actions -->\n\t\t<\/footer><!-- .entry-footer -->\t\t<\/div>\n\t<\/article>\n<\/li>\n<li class=\"kb-post-list-item\">\n\t<article class=\"entry content-bg loop-entry post-65191 topo-asso type-topo-asso status-publish has-post-thumbnail hentry category-culturelle-artistique\">\n\t\t\t\t<a aria-hidden=\"true\" tabindex=\"-1\" role=\"presentation\" class=\"post-thumbnail kadence-thumbnail-ratio-3-4\" href=\"https:\/\/quartier-pouvourville.fr\/web\/topo-asso\/norizh\/\" aria-label=\"NoRZIH\">\n\t\t\t<div class=\"post-thumbnail-inner\">\n\t\t\t\t<img loading=\"lazy\" decoding=\"async\" width=\"300\" height=\"200\" src=\"https:\/\/quartier-pouvourville.fr\/web\/wp-content\/uploads\/2025\/06\/NoRZIH-300x200.jpg\" class=\"attachment-medium size-medium wp-post-image\" alt=\"NoRZIH\" srcset=\"https:\/\/quartier-pouvourville.fr\/web\/wp-content\/uploads\/2025\/06\/NoRZIH-300x200.jpg 300w, https:\/\/quartier-pouvourville.fr\/web\/wp-content\/uploads\/2025\/06\/NoRZIH-1024x683.jpg 1024w, https:\/\/quartier-pouvourville.fr\/web\/wp-content\/uploads\/2025\/06\/NoRZIH-768x512.jpg 768w, https:\/\/quartier-pouvourville.fr\/web\/wp-content\/uploads\/2025\/06\/NoRZIH-1536x1024.jpg 1536w, https:\/\/quartier-pouvourville.fr\/web\/wp-content\/uploads\/2025\/06\/NoRZIH-2048x1365.jpg 2048w, https:\/\/quartier-pouvourville.fr\/web\/wp-content\/uploads\/2025\/06\/NoRZIH-1320x880.jpg 1320w\" sizes=\"auto, (max-width: 300px) 100vw, 300px\" \/>\t\t\t<\/div>\n\t\t<\/a><!-- .post-thumbnail -->\n\t\t\t\t<div class=\"entry-content-wrap\">\n\t\t\t<header class=\"entry-header\">\n\t<h2 class=\"entry-title\"><a href=\"https:\/\/quartier-pouvourville.fr\/web\/topo-asso\/norizh\/\" rel=\"bookmark\">NoRZIH<\/a><\/h2>\t<div class=\"entry-meta entry-meta-divider-dot\">\n\t\t\t\t<span class=\"posted-on\">\n\t\t\t\t<time class=\"entry-date published\" datetime=\"2025-06-15T07:37:33+01:00\">15 juin 2025<\/time><time class=\"updated\" datetime=\"2025-06-15T08:00:16+01:00\">15 juin 2025<\/time>\t\t\t<\/span>\n\t\t\t\t<\/div><!-- .entry-meta -->\n\t<\/header><!-- .entry-header -->\n\t<div class=\"entry-summary\">\n\t\t<p>L&rsquo;association NoRZIH a pour objectif de cr\u00e9er des spectacles contemporains originaux, mais aussi de regrouper des artistes de divers horizons.<br \/>\nLa compagnie est actuellement h\u00e9berg\u00e9e au sein de la Maison de Quartier de Pouvourville, afin de cr\u00e9er un spectacle m\u00ealant danse et musique. Ces activit\u00e9s ne sont pas ouvertes au public.<\/p>\n\t<\/div><!-- .entry-summary -->\n\t<footer class=\"entry-footer\">\n\t\t\t<div class=\"entry-actions\">\n\t\t\t<p class=\"more-link-wrap\">\n\t\t\t\t<a href=\"https:\/\/quartier-pouvourville.fr\/web\/topo-asso\/norizh\/\" class=\"post-more-link\">\n\t\t\t\t\tLire la suite<span class=\"screen-reader-text\"> NoRZIH<\/span><span class=\"kadence-svg-iconset svg-baseline\"><svg aria-hidden=\"true\" class=\"kadence-svg-icon kadence-arrow-right-alt-svg\" fill=\"currentColor\" version=\"1.1\" xmlns=\"http:\/\/www.w3.org\/2000\/svg\" width=\"27\" height=\"28\" viewBox=\"0 0 27 28\"><title>Continuer<\/title><path d=\"M27 13.953c0 0.141-0.063 0.281-0.156 0.375l-6 5.531c-0.156 0.141-0.359 0.172-0.547 0.094-0.172-0.078-0.297-0.25-0.297-0.453v-3.5h-19.5c-0.281 0-0.5-0.219-0.5-0.5v-3c0-0.281 0.219-0.5 0.5-0.5h19.5v-3.5c0-0.203 0.109-0.375 0.297-0.453s0.391-0.047 0.547 0.078l6 5.469c0.094 0.094 0.156 0.219 0.156 0.359v0z\"><\/path>\n\t\t\t<\/svg><\/span>\t\t\t\t<\/a>\n\t\t\t<\/p>\n\t\t<\/div><!-- .entry-actions -->\n\t\t<\/footer><!-- .entry-footer -->\t\t<\/div>\n\t<\/article>\n<\/li>\n<\/ul>\n\n\n<hr class=\"wp-block-separator has-alpha-channel-opacity\"\/>\n\n\n<style>.wp-block-kadence-spacer.kt-block-spacer-64873_e50b84-43 .kt-block-spacer{height:6px;}.wp-block-kadence-spacer.kt-block-spacer-64873_e50b84-43 .kt-divider-stripe{height:1px;width:100%;}<\/style>\n<div class=\"wp-block-kadence-spacer aligncenter kt-block-spacer-64873_e50b84-43\"><div class=\"kt-block-spacer kt-block-spacer-halign-left\"><span class=\"kt-divider-stripe\"><svg xmlns=\"http:\/\/www.w3.org\/2000\/svg\" width=\"100%\" height=\"100%\" class=\"kb-pattern-svg-divider kb-stripes-svg\"><defs><pattern id=\"pat64873_e50b84-43\" width=\"7.5\" height=\"7.5\" patternTransform=\"rotate(40)\" patternUnits=\"userSpaceOnUse\"><line x1=\"0\" y=\"0\" x2=\"0\" y2=\"7.5\" stroke=\"var(--theme-palette-color-2, #55a630)\" stroke-width=\"5\"><\/line><\/pattern><\/defs><rect width=\"100%\" height=\"100%\" fill=\"url(#pat64873_e50b84-43)\" opacity=\"1\"><\/rect><\/svg><\/span><\/div><\/div>\n\n\n\n<hr class=\"wp-block-separator has-alpha-channel-opacity\"\/>\n\n\n\n<div class=\"wp-block-columns is-layout-flex wp-container-core-columns-is-layout-28f84493 wp-block-columns-is-layout-flex\">\n<div class=\"wp-block-column is-layout-flow wp-block-column-is-layout-flow\" style=\"flex-basis:33.33%\">\n<figure class=\"wp-block-image size-full is-resized\"><img loading=\"lazy\" decoding=\"async\" width=\"256\" height=\"256\" src=\"https:\/\/quartier-pouvourville.fr\/web\/wp-content\/uploads\/2025\/07\/CSLP-club-lecture.jpg\" alt=\"\" class=\"wp-image-65932\" style=\"width:84px;height:auto\" srcset=\"https:\/\/quartier-pouvourville.fr\/web\/wp-content\/uploads\/2025\/07\/CSLP-club-lecture.jpg 256w, https:\/\/quartier-pouvourville.fr\/web\/wp-content\/uploads\/2025\/07\/CSLP-club-lecture-150x150.jpg 150w\" sizes=\"auto, (max-width: 256px) 100vw, 256px\" \/><\/figure>\n<\/div>\n\n\n\n<div class=\"wp-block-column is-layout-flow wp-block-column-is-layout-flow\" style=\"flex-basis:66.66%\"><\/div>\n<\/div>\n\n\n<h4><span style=\"color: #0000ff;\"><strong>CQSLP-Club lecture<\/strong><\/span><\/h4>\n<p><span style=\"color: #800080;\"><strong>Activit\u00e9 : <\/strong>\u00e9change d&rsquo;avis de lecture de livres choisis<\/span><br \/>Public : adultes<br \/>Animatrice : Josiane MULLER<br \/>&#8211; 3\u00e8me Lundi du mois 14h30-16h30 (hors vacances scolaires)<br \/>Tel : 06 77 40 49 28<br \/>E-mail : <a href=\"mailto:josmuller@wanadoo.fr\" target=\"_blank\" rel=\"noreferrer noopener\">josmuller@wanadoo.fr<\/a><\/p>\n\n<style>.wp-block-kadence-spacer.kt-block-spacer-64873_704c6e-9f .kt-block-spacer{height:36px;}.wp-block-kadence-spacer.kt-block-spacer-64873_704c6e-9f .kt-divider-stripe{height:1px;width:100%;}<\/style>\n<div class=\"wp-block-kadence-spacer aligncenter kt-block-spacer-64873_704c6e-9f\"><div class=\"kt-block-spacer kt-block-spacer-halign-left\"><span class=\"kt-divider-stripe\"><svg xmlns=\"http:\/\/www.w3.org\/2000\/svg\" width=\"100%\" height=\"100%\" class=\"kb-pattern-svg-divider kb-stripes-svg\"><defs><pattern id=\"pat64873_704c6e-9f\" width=\"7.5\" height=\"7.5\" patternTransform=\"rotate(40)\" patternUnits=\"userSpaceOnUse\"><line x1=\"0\" y=\"0\" x2=\"0\" y2=\"7.5\" stroke=\"var(--theme-palette-color-2, #55a630)\" stroke-width=\"5\"><\/line><\/pattern><\/defs><rect width=\"100%\" height=\"100%\" fill=\"url(#pat64873_704c6e-9f)\" opacity=\"1\"><\/rect><\/svg><\/span><\/div><\/div>\n\n\n\n<div class=\"wp-block-columns is-layout-flex wp-container-core-columns-is-layout-28f84493 wp-block-columns-is-layout-flex\">\n<div class=\"wp-block-column is-layout-flow wp-block-column-is-layout-flow\" style=\"flex-basis:33.33%\">\n<figure class=\"wp-block-image size-full is-resized\"><img loading=\"lazy\" decoding=\"async\" width=\"256\" height=\"256\" src=\"https:\/\/quartier-pouvourville.fr\/web\/wp-content\/uploads\/2025\/07\/Calligraphie-1.jpg\" alt=\"\" class=\"wp-image-65937\" style=\"width:79px;height:auto\" srcset=\"https:\/\/quartier-pouvourville.fr\/web\/wp-content\/uploads\/2025\/07\/Calligraphie-1.jpg 256w, https:\/\/quartier-pouvourville.fr\/web\/wp-content\/uploads\/2025\/07\/Calligraphie-1-150x150.jpg 150w\" sizes=\"auto, (max-width: 256px) 100vw, 256px\" \/><\/figure>\n<\/div>\n\n\n\n<div class=\"wp-block-column is-layout-flow wp-block-column-is-layout-flow\" style=\"flex-basis:66.66%\"><\/div>\n<\/div>\n\n\n\n<div class=\"wp-block-columns is-layout-flex wp-container-core-columns-is-layout-28f84493 wp-block-columns-is-layout-flex\">\n<div class=\"wp-block-column is-layout-flow wp-block-column-is-layout-flow\" style=\"flex-basis:66.66%\">\n<h4><span style=\"color: #0000ff;\"><strong>WEN WU \u2013 Chinois\/Calligraphie<\/strong><\/span><\/h4>\n<p><span style=\"color: #800080;\"><strong>Activit\u00e9<\/strong> : cours de calligraphie et langue chinoises<\/span><br \/>Animatrice : Yan ZHANG<strong><br \/><\/strong>\u2013 Enfants (6-12 ans) : mercredi 13h30-15h, langue et calligraphie<br \/>\u2013 Adolescents (+12 ans) : mercredi 15h-16h30, langue et calligraphie<br \/>\u2013 Adultes : jeudi 10h-11h30 et 17h30-20h30 langue et calligraphie,<br \/>\u00a0\u00a0\u00a0\u00a0\u00a0\u00a0\u00a0\u00a0\u00a0\u00a0\u00a0\u00a0\u00a0\u00a0\u00a0\u00a0 samedi 9h-10h30 calligraphie<br \/>Tel : 06 52 56 50 49<br \/>E-mail: <a href=\"mailto:yan-zhang2007@yahoo.com\">yan_zhang2007@yahoo.com<\/a><br \/>Site : <a href=\"http:\/\/www.wenwu.fr\">www.wenwu.fr<\/a><\/p>\n<\/div>\n<\/div>\n\n\n\n<hr class=\"wp-block-separator has-alpha-channel-opacity\"\/>\n\n\n\n<hr class=\"wp-block-separator has-alpha-channel-opacity\"\/>\n\n\n\n<hr class=\"wp-block-separator has-alpha-channel-opacity\"\/>\n\n\n\n<hr class=\"wp-block-separator has-alpha-channel-opacity\"\/>\n\n\n\n<hr class=\"wp-block-separator has-alpha-channel-opacity\"\/>\n\n\n\n<hr class=\"wp-block-separator has-alpha-channel-opacity\"\/>\n\n\n\n<p><\/p>\n","protected":false},"excerpt":{"rendered":"<p>Pour organiser les activit\u00e9s de la maison de quartier de Pouvourville, le CQSLP a choisi de ne pas g\u00e9rer directement les activit\u00e9s, sauf exception, mais d\u2019h\u00e9berger les activit\u00e9s d\u2019associations qui s\u2019associent au CQSLP et en deviennent membres. &nbsp; Vous trouverez dans cette page la description des activit\u00e9s propos\u00e9es ainsi que les coordonn\u00e9es des associations, ce [&hellip;]<\/p>\n","protected":false},"author":11,"featured_media":0,"parent":0,"menu_order":0,"comment_status":"closed","ping_status":"closed","template":"","meta":{"_acf_changed":false,"_lmt_disableupdate":"","_lmt_disable":"","cybocfi_hide_featured_image":"","footnotes":""},"folder":[315],"class_list":["post-64873","page","type-page","status-publish","hentry"],"blocksy_meta":[],"acf":[],"_links":{"self":[{"href":"https:\/\/quartier-pouvourville.fr\/web\/wp-json\/wp\/v2\/pages\/64873","targetHints":{"allow":["GET"]}}],"collection":[{"href":"https:\/\/quartier-pouvourville.fr\/web\/wp-json\/wp\/v2\/pages"}],"about":[{"href":"https:\/\/quartier-pouvourville.fr\/web\/wp-json\/wp\/v2\/types\/page"}],"author":[{"embeddable":true,"href":"https:\/\/quartier-pouvourville.fr\/web\/wp-json\/wp\/v2\/users\/11"}],"replies":[{"embeddable":true,"href":"https:\/\/quartier-pouvourville.fr\/web\/wp-json\/wp\/v2\/comments?post=64873"}],"version-history":[{"count":14,"href":"https:\/\/quartier-pouvourville.fr\/web\/wp-json\/wp\/v2\/pages\/64873\/revisions"}],"predecessor-version":[{"id":68425,"href":"https:\/\/quartier-pouvourville.fr\/web\/wp-json\/wp\/v2\/pages\/64873\/revisions\/68425"}],"wp:attachment":[{"href":"https:\/\/quartier-pouvourville.fr\/web\/wp-json\/wp\/v2\/media?parent=64873"}],"wp:term":[{"taxonomy":"folder","embeddable":true,"href":"https:\/\/quartier-pouvourville.fr\/web\/wp-json\/wp\/v2\/folder?post=64873"}],"curies":[{"name":"wp","href":"https:\/\/api.w.org\/{rel}","templated":true}]}}