{"id":65627,"date":"2025-07-14T08:41:09","date_gmt":"2025-07-14T07:41:09","guid":{"rendered":"https:\/\/quartier-pouvourville.fr\/web\/?page_id=65627"},"modified":"2025-07-16T14:06:15","modified_gmt":"2025-07-16T13:06:15","slug":"inscription-au-cqslp-activite","status":"publish","type":"page","link":"https:\/\/quartier-pouvourville.fr\/web\/inscription-au-cqslp-activite\/","title":{"rendered":"Inscription au CQSLP (activit\u00e9)"},"content":{"rendered":"<h4><span style=\"color: #ff0000;\">Ce formulaire est r\u00e9serv\u00e9 aux associations pour inscrire les activit\u00e9s qu&rsquo;elles proposent.<\/span><\/h4>\n<ul>\n<li>Vous devez renseigner ce formulaire lors de la <strong>1\u00e8re inscription de l&rsquo;association au CQSLP<\/strong> ou lorsque les informations concernant les activit\u00e9s propos\u00e9es ont chang\u00e9 (tarif par exemple).<\/li>\n<li>Ne remplissez qu&rsquo;un seul formulaire si votre tarif est global pour toutes les activit\u00e9s que vous proposez, sinon, remplissez autant de formulaires que d&rsquo;activit\u00e9s ind\u00e9pendantes.<\/li>\n<\/ul>\n<p>_____________________________________________________________________________________________________________________<\/p>\n\n<div class=\"wpcf7 no-js\" id=\"wpcf7-f63893-o1\" lang=\"fr-FR\" dir=\"ltr\" data-wpcf7-id=\"63893\">\n<div class=\"screen-reader-response\"><p role=\"status\" aria-live=\"polite\" aria-atomic=\"true\"><\/p> <ul><\/ul><\/div>\n<form action=\"\/web\/wp-json\/wp\/v2\/pages\/65627#wpcf7-f63893-o1\" method=\"post\" class=\"wpcf7-form init\" aria-label=\"Formulaire de contact\" novalidate=\"novalidate\" data-status=\"init\">\n<fieldset class=\"hidden-fields-container\"><input type=\"hidden\" name=\"_wpcf7\" value=\"63893\" \/><input type=\"hidden\" name=\"_wpcf7_version\" value=\"6.1.5\" \/><input type=\"hidden\" name=\"_wpcf7_locale\" value=\"fr_FR\" \/><input type=\"hidden\" name=\"_wpcf7_unit_tag\" value=\"wpcf7-f63893-o1\" \/><input type=\"hidden\" name=\"_wpcf7_container_post\" value=\"0\" \/><input type=\"hidden\" name=\"_wpcf7_posted_data_hash\" value=\"\" \/><input type=\"hidden\" name=\"_wpcf7_recaptcha_response\" value=\"\" \/>\n<\/fieldset>\n<p><label> Votre email : <span class=\"wpcf7-form-control-wrap\" data-name=\"your-email\"><input size=\"40\" maxlength=\"400\" class=\"wpcf7-form-control wpcf7-email wpcf7-validates-as-required wpcf7-text wpcf7-validates-as-email\" aria-required=\"true\" aria-invalid=\"false\" value=\"\" type=\"email\" name=\"your-email\" \/><\/span> <\/label><br \/>\n<label> Nom de l'association : <span class=\"wpcf7-form-control-wrap\" data-name=\"nom_asso\"><input size=\"40\" maxlength=\"400\" class=\"wpcf7-form-control wpcf7-text wpcf7-validates-as-required\" aria-required=\"true\" aria-invalid=\"false\" value=\"\" type=\"text\" name=\"nom_asso\" \/><\/span> <\/label><br \/>\n<label> Activit\u00e9(s) : <span class=\"wpcf7-form-control-wrap\" data-name=\"activite\"><input size=\"40\" maxlength=\"400\" class=\"wpcf7-form-control wpcf7-text wpcf7-validates-as-required\" aria-required=\"true\" aria-invalid=\"false\" value=\"\" type=\"text\" name=\"activite\" \/><\/span> <\/label><br \/>\n<label> Type d'activit\u00e9 : <\/label><span class=\"wpcf7-form-control-wrap\" data-name=\"type-activite\"><span class=\"wpcf7-form-control wpcf7-radio\"><span class=\"wpcf7-list-item first\"><label><input type=\"radio\" name=\"type-activite\" value=\"Artistique\" \/><span class=\"wpcf7-list-item-label\">Artistique<\/span><\/label><\/span><span class=\"wpcf7-list-item\"><label><input type=\"radio\" name=\"type-activite\" value=\"Culturelle\" \/><span class=\"wpcf7-list-item-label\">Culturelle<\/span><\/label><\/span><span class=\"wpcf7-list-item\"><label><input type=\"radio\" name=\"type-activite\" value=\"Sport\" \/><span class=\"wpcf7-list-item-label\">Sport<\/span><\/label><\/span><span class=\"wpcf7-list-item\"><label><input type=\"radio\" name=\"type-activite\" value=\"Bien \u00eatre\" \/><span class=\"wpcf7-list-item-label\">Bien \u00eatre<\/span><\/label><\/span><span class=\"wpcf7-list-item\"><label><input type=\"radio\" name=\"type-activite\" value=\"Danse\" \/><span class=\"wpcf7-list-item-label\">Danse<\/span><\/label><\/span><span class=\"wpcf7-list-item last\"><label><input type=\"radio\" name=\"type-activite\" value=\"Loisir\" \/><span class=\"wpcf7-list-item-label\">Loisir<\/span><\/label><\/span><\/span><\/span><br \/>\n<label> Activit\u00e9 pdt les vacances scolaires ? : <\/label><span class=\"wpcf7-form-control-wrap\" data-name=\"vacances\"><span class=\"wpcf7-form-control wpcf7-radio\"><span class=\"wpcf7-list-item first\"><label><input type=\"radio\" name=\"vacances\" value=\"Oui\" \/><span class=\"wpcf7-list-item-label\">Oui<\/span><\/label><\/span><span class=\"wpcf7-list-item\"><label><input type=\"radio\" name=\"vacances\" value=\"Non\" \/><span class=\"wpcf7-list-item-label\">Non<\/span><\/label><\/span><span class=\"wpcf7-list-item last\"><label><input type=\"radio\" name=\"vacances\" value=\"1s\/2\" \/><span class=\"wpcf7-list-item-label\">1s\/2<\/span><\/label><\/span><\/span><\/span><br \/>\n<label> Animateur(s) : <span class=\"wpcf7-form-control-wrap\" data-name=\"animateur\"><input size=\"40\" maxlength=\"400\" class=\"wpcf7-form-control wpcf7-text wpcf7-validates-as-required\" aria-required=\"true\" aria-invalid=\"false\" value=\"\" type=\"text\" name=\"animateur\" \/><\/span> <\/label><br \/>\n<label> Public concern\u00e9 : <\/label><span class=\"wpcf7-form-control-wrap\" data-name=\"public\"><span class=\"wpcf7-form-control wpcf7-checkbox\"><span class=\"wpcf7-list-item first\"><label><input type=\"checkbox\" name=\"public[]\" value=\"enfants\" \/><span class=\"wpcf7-list-item-label\">enfants<\/span><\/label><\/span><span class=\"wpcf7-list-item\"><label><input type=\"checkbox\" name=\"public[]\" value=\"adolescents\" \/><span class=\"wpcf7-list-item-label\">adolescents<\/span><\/label><\/span><span class=\"wpcf7-list-item\"><label><input type=\"checkbox\" name=\"public[]\" value=\"adultes\" \/><span class=\"wpcf7-list-item-label\">adultes<\/span><\/label><\/span><span class=\"wpcf7-list-item last\"><label><input type=\"checkbox\" name=\"public[]\" value=\"s\u00e9niors\" \/><span class=\"wpcf7-list-item-label\">s\u00e9niors<\/span><\/label><\/span><\/span><\/span><br \/>\n<label> Capacit\u00e9 du cours : [number* capacit\u00e9] <\/label><br \/>\n<label> Tarif(s) : <span class=\"wpcf7-form-control-wrap\" data-name=\"tarif\"><input size=\"40\" maxlength=\"400\" class=\"wpcf7-form-control wpcf7-text wpcf7-validates-as-required\" aria-required=\"true\" aria-invalid=\"false\" value=\"\" type=\"text\" name=\"tarif\" \/><\/span> <\/label><br \/>\n<label> Dipl\u00f4me(s) remis au CQSLP (obligatoire pour les activit\u00e9s sportives) ? : <\/label><span class=\"wpcf7-form-control-wrap\" data-name=\"diplome\"><span class=\"wpcf7-form-control wpcf7-radio\"><span class=\"wpcf7-list-item first\"><label><input type=\"radio\" name=\"diplome\" value=\"oui\" \/><span class=\"wpcf7-list-item-label\">oui<\/span><\/label><\/span><span class=\"wpcf7-list-item last\"><label><input type=\"radio\" name=\"diplome\" value=\"non\" \/><span class=\"wpcf7-list-item-label\">non<\/span><\/label><\/span><\/span><\/span>\n<\/p>\n<p><input class=\"wpcf7-form-control wpcf7-submit has-spinner\" type=\"submit\" value=\"Envoyer\" \/>\n<\/p><p style=\"display: none !important;\" class=\"akismet-fields-container\" data-prefix=\"_wpcf7_ak_\"><label>&#916;<textarea name=\"_wpcf7_ak_hp_textarea\" cols=\"45\" rows=\"8\" maxlength=\"100\"><\/textarea><\/label><input type=\"hidden\" id=\"ak_js_1\" name=\"_wpcf7_ak_js\" value=\"34\"\/><script>document.getElementById( \"ak_js_1\" ).setAttribute( \"value\", ( new Date() ).getTime() );<\/script><\/p><div class=\"wpcf7-response-output\" aria-hidden=\"true\"><\/div>\n<\/form>\n<\/div>\n\n<p>&nbsp;<\/p>\n<p>&nbsp;<\/p>\n","protected":false},"excerpt":{"rendered":"<p>Ce formulaire est r\u00e9serv\u00e9 aux associations pour inscrire les activit\u00e9s qu&rsquo;elles proposent. Vous devez renseigner ce formulaire lors de la 1\u00e8re inscription de l&rsquo;association au CQSLP ou lorsque les informations concernant les activit\u00e9s propos\u00e9es ont chang\u00e9 (tarif par exemple). Ne remplissez qu&rsquo;un seul formulaire si votre tarif est global pour toutes les activit\u00e9s que vous [&hellip;]<\/p>\n","protected":false},"author":11,"featured_media":0,"parent":0,"menu_order":0,"comment_status":"closed","ping_status":"closed","template":"","meta":{"_acf_changed":false,"_lmt_disableupdate":"no","_lmt_disable":"","cybocfi_hide_featured_image":"","footnotes":""},"folder":[316],"class_list":["post-65627","page","type-page","status-publish","hentry"],"blocksy_meta":[],"acf":[],"_links":{"self":[{"href":"https:\/\/quartier-pouvourville.fr\/web\/wp-json\/wp\/v2\/pages\/65627","targetHints":{"allow":["GET"]}}],"collection":[{"href":"https:\/\/quartier-pouvourville.fr\/web\/wp-json\/wp\/v2\/pages"}],"about":[{"href":"https:\/\/quartier-pouvourville.fr\/web\/wp-json\/wp\/v2\/types\/page"}],"author":[{"embeddable":true,"href":"https:\/\/quartier-pouvourville.fr\/web\/wp-json\/wp\/v2\/users\/11"}],"replies":[{"embeddable":true,"href":"https:\/\/quartier-pouvourville.fr\/web\/wp-json\/wp\/v2\/comments?post=65627"}],"version-history":[{"count":7,"href":"https:\/\/quartier-pouvourville.fr\/web\/wp-json\/wp\/v2\/pages\/65627\/revisions"}],"predecessor-version":[{"id":65684,"href":"https:\/\/quartier-pouvourville.fr\/web\/wp-json\/wp\/v2\/pages\/65627\/revisions\/65684"}],"wp:attachment":[{"href":"https:\/\/quartier-pouvourville.fr\/web\/wp-json\/wp\/v2\/media?parent=65627"}],"wp:term":[{"taxonomy":"folder","embeddable":true,"href":"https:\/\/quartier-pouvourville.fr\/web\/wp-json\/wp\/v2\/folder?post=65627"}],"curies":[{"name":"wp","href":"https:\/\/api.w.org\/{rel}","templated":true}]}}