{"id":6776,"date":"2019-10-31T09:48:58","date_gmt":"2019-10-31T08:48:58","guid":{"rendered":"https:\/\/quartier-pouvourville.fr\/web\/?page_id=6776"},"modified":"2024-09-16T13:44:11","modified_gmt":"2024-09-16T12:44:11","slug":"nos-liens","status":"publish","type":"page","link":"https:\/\/quartier-pouvourville.fr\/web\/nos-liens\/","title":{"rendered":"Nos Liens"},"content":{"rendered":"<p>&#8211; <a title=\"Mairie de Toulouse\" href=\"http:\/\/www.toulouse.fr\/\" target=\"_blank\" rel=\"noopener noreferrer\">Mairie de Toulouse<\/a><\/p>\n<p>&#8211; <a title=\"Portail Culturel\" href=\"http:\/\/cultures.toulouse.fr\/\" target=\"_blank\" rel=\"noopener noreferrer\">Portail Culturel de la Mairie de Toulouse<\/a><\/p>\n<p>&#8211; <a href=\"http:\/\/fncta-midipy.fr\/federation-le-national\/\" target=\"_blank\" rel=\"noopener\">F\u00e9d\u00e9ration Nationale de Th\u00e9\u00e2tre Amateur &#8211; Midi-Pyr\u00e9n\u00e9es<\/a><\/p>\n<p>&#8211; <a title=\"Conseil D\u00e9partemental\" href=\"https:\/\/www.haute-garonne.fr\/\" target=\"_blank\" rel=\"noopener noreferrer\">Conseil D\u00e9partemental de Haute-Garonne<\/a><\/p>\n<p>&#8211; <a title=\"R\u00e9gion Midi-Pyr\u00e9n\u00e9es\" href=\"http:\/\/www.midipyrenees.fr\/\" target=\"_blank\" rel=\"noopener noreferrer\">R\u00e9gion Midi-Pyr\u00e9n\u00e9es<\/a><\/p>\n<p>&#8211; <a title=\"Assembl\u00e9e Nationale\" href=\"http:\/\/www.assemblee-nationale.fr\/\" target=\"_blank\" rel=\"noopener noreferrer\">Assembl\u00e9e Nationale<\/a><\/p>\n<p>&#8211; <a title=\"S\u00e9nat\" href=\"http:\/\/www.senat.fr\/\" target=\"_blank\" rel=\"noopener noreferrer\">S\u00e9nat<\/a><\/p>\n<p>&#8211; <a title=\"Union Europ\u00e9enne\" href=\"http:\/\/europa.eu\/index_fr.htm\" target=\"_blank\" rel=\"noopener noreferrer\">L&rsquo;Union Europ\u00e9enne<\/a><\/p>\n<p>&nbsp;<\/p>\n","protected":false},"excerpt":{"rendered":"<p>&#8211; Mairie de Toulouse &#8211; Portail Culturel de la Mairie de Toulouse &#8211; F\u00e9d\u00e9ration Nationale de Th\u00e9\u00e2tre Amateur &#8211; Midi-Pyr\u00e9n\u00e9es &#8211; Conseil D\u00e9partemental de Haute-Garonne &#8211; R\u00e9gion Midi-Pyr\u00e9n\u00e9es &#8211; Assembl\u00e9e Nationale &#8211; S\u00e9nat &#8211; L&rsquo;Union Europ\u00e9enne &nbsp;<\/p>\n","protected":false},"author":11,"featured_media":0,"parent":0,"menu_order":0,"comment_status":"closed","ping_status":"closed","template":"","meta":{"_acf_changed":false,"_lmt_disableupdate":"no","_lmt_disable":"","cybocfi_hide_featured_image":"","footnotes":""},"folder":[315],"class_list":["post-6776","page","type-page","status-publish","hentry"],"blocksy_meta":[],"acf":[],"_links":{"self":[{"href":"https:\/\/quartier-pouvourville.fr\/web\/wp-json\/wp\/v2\/pages\/6776","targetHints":{"allow":["GET"]}}],"collection":[{"href":"https:\/\/quartier-pouvourville.fr\/web\/wp-json\/wp\/v2\/pages"}],"about":[{"href":"https:\/\/quartier-pouvourville.fr\/web\/wp-json\/wp\/v2\/types\/page"}],"author":[{"embeddable":true,"href":"https:\/\/quartier-pouvourville.fr\/web\/wp-json\/wp\/v2\/users\/11"}],"replies":[{"embeddable":true,"href":"https:\/\/quartier-pouvourville.fr\/web\/wp-json\/wp\/v2\/comments?post=6776"}],"version-history":[{"count":0,"href":"https:\/\/quartier-pouvourville.fr\/web\/wp-json\/wp\/v2\/pages\/6776\/revisions"}],"wp:attachment":[{"href":"https:\/\/quartier-pouvourville.fr\/web\/wp-json\/wp\/v2\/media?parent=6776"}],"wp:term":[{"taxonomy":"folder","embeddable":true,"href":"https:\/\/quartier-pouvourville.fr\/web\/wp-json\/wp\/v2\/folder?post=6776"}],"curies":[{"name":"wp","href":"https:\/\/api.w.org\/{rel}","templated":true}]}}